{"id":3604,"date":"2024-09-09T17:28:24","date_gmt":"2024-09-09T15:28:24","guid":{"rendered":"https:\/\/david-guzman.art\/boutique\/jarron-granada\/"},"modified":"2024-09-12T20:44:43","modified_gmt":"2024-09-12T18:44:43","slug":"jarron-granada","status":"publish","type":"product","link":"https:\/\/david-guzman.art\/es\/boutique\/jarron-granada\/","title":{"rendered":"Jarr\u00f3n &#8220;Granada"},"content":{"rendered":"<div class=\"fusion-fullwidth fullwidth-box fusion-builder-row-1 fusion-flex-container has-pattern-background has-mask-background nonhundred-percent-fullwidth non-hundred-percent-height-scrolling\" style=\"--awb-border-radius-top-left:0px;--awb-border-radius-top-right:0px;--awb-border-radius-bottom-right:0px;--awb-border-radius-bottom-left:0px;--awb-padding-right:0%;--awb-padding-left:0%;--awb-flex-wrap:wrap;\" ><div class=\"fusion-builder-row fusion-row fusion-flex-align-items-flex-start fusion-flex-content-wrap\" style=\"max-width:1248px;margin-left: calc(-4% \/ 2 );margin-right: calc(-4% \/ 2 );\"><div class=\"fusion-layout-column fusion_builder_column fusion-builder-column-0 fusion_builder_column_1_1 1_1 fusion-flex-column\" style=\"--awb-bg-size:cover;--awb-width-large:100%;--awb-margin-top-large:0px;--awb-spacing-right-large:1.92%;--awb-margin-bottom-large:20px;--awb-spacing-left-large:1.92%;--awb-width-medium:100%;--awb-order-medium:0;--awb-spacing-right-medium:1.92%;--awb-spacing-left-medium:1.92%;--awb-width-small:100%;--awb-order-small:0;--awb-spacing-right-small:1.92%;--awb-spacing-left-small:1.92%;\"><div class=\"fusion-column-wrapper fusion-column-has-shadow fusion-flex-justify-content-flex-start fusion-content-layout-column\"><\/div><\/div><div class=\"fusion-layout-column fusion_builder_column fusion-builder-column-1 fusion_builder_column_1_1 1_1 fusion-flex-column\" style=\"--awb-bg-size:cover;--awb-width-large:100%;--awb-margin-top-large:0px;--awb-spacing-right-large:1.92%;--awb-margin-bottom-large:20px;--awb-spacing-left-large:1.92%;--awb-width-medium:100%;--awb-order-medium:0;--awb-spacing-right-medium:1.92%;--awb-spacing-left-medium:1.92%;--awb-width-small:100%;--awb-order-small:0;--awb-spacing-right-small:1.92%;--awb-spacing-left-small:1.92%;\"><div class=\"fusion-column-wrapper fusion-column-has-shadow fusion-flex-justify-content-flex-start fusion-content-layout-column\"><div class=\"fusion-text fusion-text-1\"><p style=\"text-align: justify;\">Este jarr\u00f3n <strong>&#8220;Granada<\/strong> &#8221; es una aut\u00e9ntica maravilla de la artesan\u00eda, creada por un ceramista de talento.<br \/>\nSu forma org\u00e1nica y redondeada, ligeramente ensanchada en la parte superior, recuerda la silueta de una granada, s\u00edmbolo de riqueza y fertilidad.<br \/>\nEl vibrante color rojo, con toques de cer\u00e1mica blanca, le da un aspecto art\u00edstico y ligeramente envejecido, que a\u00f1ade car\u00e1cter a esta pieza \u00fanica.  <\/p>\n<p style=\"text-align: justify;\">Cada detalle, desde la textura t\u00e1ctil de su superficie hasta su meticuloso acabado, es testigo de la habilidad y la pasi\u00f3n de su creador.<br \/>\nEste jarr\u00f3n no es s\u00f3lo un objeto funcional, sino una obra de arte que a\u00f1adir\u00e1 un toque de elegancia y sofisticaci\u00f3n a cualquier interior.   <\/p>\n<\/div><div class=\"fusion-image-carousel fusion-image-carousel-auto fusion-image-carousel-1 lightbox-enabled fusion-carousel-border\"><div class=\"awb-carousel awb-swiper awb-swiper-carousel\" data-autoplay=\"no\" data-columns=\"5\" data-itemmargin=\"13\" data-itemwidth=\"180\" data-touchscroll=\"no\" data-imagesize=\"auto\"><div class=\"swiper-wrapper awb-image-carousel-wrapper fusion-flex-align-items-center\"><div class=\"swiper-slide\"><div class=\"fusion-carousel-item-wrapper\"><div class=\"fusion-image-wrapper hover-type-liftup\"><a data-rel=\"iLightbox[image_carousel_1]\" data-title=\"David Guzman &#8211; Vase Granada &#8211; Model A &#8211; 03\" aria-label=\"David Guzman &#8211; Vase Granada &#8211; Model A &#8211; 03\" href=\"https:\/\/david-guzman.art\/wp-content\/uploads\/2024\/09\/David-Guzman-Vase-Granada-Model-A-03-scaled.jpg\" target=\"_self\"><img decoding=\"async\" width=\"2560\" height=\"2560\" src=\"https:\/\/david-guzman.art\/wp-content\/uploads\/2024\/09\/David-Guzman-Vase-Granada-Model-A-03-scaled.jpg\" class=\"attachment-full size-full lazyload\" alt=\"\" srcset=\"data:image\/svg+xml,%3Csvg%20xmlns%3D%27http%3A%2F%2Fwww.w3.org%2F2000%2Fsvg%27%20width%3D%272560%27%20height%3D%272560%27%20viewBox%3D%270%200%202560%202560%27%3E%3Crect%20width%3D%272560%27%20height%3D%272560%27%20fill-opacity%3D%220%22%2F%3E%3C%2Fsvg%3E\" data-orig-src=\"https:\/\/david-guzman.art\/wp-content\/uploads\/2024\/09\/David-Guzman-Vase-Granada-Model-A-03-scaled.jpg\" data-srcset=\"https:\/\/david-guzman.art\/wp-content\/uploads\/2024\/09\/David-Guzman-Vase-Granada-Model-A-03-200x200.jpg 200w, https:\/\/david-guzman.art\/wp-content\/uploads\/2024\/09\/David-Guzman-Vase-Granada-Model-A-03-400x400.jpg 400w, https:\/\/david-guzman.art\/wp-content\/uploads\/2024\/09\/David-Guzman-Vase-Granada-Model-A-03-600x600.jpg 600w, https:\/\/david-guzman.art\/wp-content\/uploads\/2024\/09\/David-Guzman-Vase-Granada-Model-A-03-800x800.jpg 800w, https:\/\/david-guzman.art\/wp-content\/uploads\/2024\/09\/David-Guzman-Vase-Granada-Model-A-03-1200x1200.jpg 1200w, https:\/\/david-guzman.art\/wp-content\/uploads\/2024\/09\/David-Guzman-Vase-Granada-Model-A-03-scaled.jpg 2560w\" data-sizes=\"auto\" \/><\/a><\/div><\/div><\/div><div class=\"swiper-slide\"><div class=\"fusion-carousel-item-wrapper\"><div class=\"fusion-image-wrapper hover-type-liftup\"><a data-rel=\"iLightbox[image_carousel_1]\" data-title=\"David Guzman &#8211; Vase Granada &#8211; Model A &#8211; 02\" aria-label=\"David Guzman &#8211; Vase Granada &#8211; Model A &#8211; 02\" href=\"https:\/\/david-guzman.art\/wp-content\/uploads\/2024\/09\/David-Guzman-Vase-Granada-Model-A-02-scaled.jpg\" target=\"_self\"><img decoding=\"async\" width=\"2560\" height=\"2560\" src=\"https:\/\/david-guzman.art\/wp-content\/uploads\/2024\/09\/David-Guzman-Vase-Granada-Model-A-02-scaled.jpg\" class=\"attachment-full size-full lazyload\" alt=\"\" srcset=\"data:image\/svg+xml,%3Csvg%20xmlns%3D%27http%3A%2F%2Fwww.w3.org%2F2000%2Fsvg%27%20width%3D%272560%27%20height%3D%272560%27%20viewBox%3D%270%200%202560%202560%27%3E%3Crect%20width%3D%272560%27%20height%3D%272560%27%20fill-opacity%3D%220%22%2F%3E%3C%2Fsvg%3E\" data-orig-src=\"https:\/\/david-guzman.art\/wp-content\/uploads\/2024\/09\/David-Guzman-Vase-Granada-Model-A-02-scaled.jpg\" data-srcset=\"https:\/\/david-guzman.art\/wp-content\/uploads\/2024\/09\/David-Guzman-Vase-Granada-Model-A-02-200x200.jpg 200w, https:\/\/david-guzman.art\/wp-content\/uploads\/2024\/09\/David-Guzman-Vase-Granada-Model-A-02-400x400.jpg 400w, https:\/\/david-guzman.art\/wp-content\/uploads\/2024\/09\/David-Guzman-Vase-Granada-Model-A-02-600x600.jpg 600w, https:\/\/david-guzman.art\/wp-content\/uploads\/2024\/09\/David-Guzman-Vase-Granada-Model-A-02-800x800.jpg 800w, https:\/\/david-guzman.art\/wp-content\/uploads\/2024\/09\/David-Guzman-Vase-Granada-Model-A-02-1200x1200.jpg 1200w, https:\/\/david-guzman.art\/wp-content\/uploads\/2024\/09\/David-Guzman-Vase-Granada-Model-A-02-scaled.jpg 2560w\" data-sizes=\"auto\" \/><\/a><\/div><\/div><\/div><div class=\"swiper-slide\"><div class=\"fusion-carousel-item-wrapper\"><div class=\"fusion-image-wrapper hover-type-liftup\"><a data-rel=\"iLightbox[image_carousel_1]\" data-title=\"David Guzman &#8211; Vase Granada &#8211; Model A &#8211; 01\" aria-label=\"David Guzman &#8211; Vase Granada &#8211; Model A &#8211; 01\" href=\"https:\/\/david-guzman.art\/wp-content\/uploads\/2024\/09\/David-Guzman-Vase-Granada-Model-A-01-scaled.jpg\" target=\"_self\"><img decoding=\"async\" width=\"2560\" height=\"2560\" src=\"https:\/\/david-guzman.art\/wp-content\/uploads\/2024\/09\/David-Guzman-Vase-Granada-Model-A-01-scaled.jpg\" class=\"attachment-full size-full lazyload\" alt=\"\" srcset=\"data:image\/svg+xml,%3Csvg%20xmlns%3D%27http%3A%2F%2Fwww.w3.org%2F2000%2Fsvg%27%20width%3D%272560%27%20height%3D%272560%27%20viewBox%3D%270%200%202560%202560%27%3E%3Crect%20width%3D%272560%27%20height%3D%272560%27%20fill-opacity%3D%220%22%2F%3E%3C%2Fsvg%3E\" data-orig-src=\"https:\/\/david-guzman.art\/wp-content\/uploads\/2024\/09\/David-Guzman-Vase-Granada-Model-A-01-scaled.jpg\" data-srcset=\"https:\/\/david-guzman.art\/wp-content\/uploads\/2024\/09\/David-Guzman-Vase-Granada-Model-A-01-200x200.jpg 200w, https:\/\/david-guzman.art\/wp-content\/uploads\/2024\/09\/David-Guzman-Vase-Granada-Model-A-01-400x400.jpg 400w, https:\/\/david-guzman.art\/wp-content\/uploads\/2024\/09\/David-Guzman-Vase-Granada-Model-A-01-600x600.jpg 600w, https:\/\/david-guzman.art\/wp-content\/uploads\/2024\/09\/David-Guzman-Vase-Granada-Model-A-01-800x800.jpg 800w, https:\/\/david-guzman.art\/wp-content\/uploads\/2024\/09\/David-Guzman-Vase-Granada-Model-A-01-1200x1200.jpg 1200w, https:\/\/david-guzman.art\/wp-content\/uploads\/2024\/09\/David-Guzman-Vase-Granada-Model-A-01-scaled.jpg 2560w\" data-sizes=\"auto\" \/><\/a><\/div><\/div><\/div><\/div><div class=\"awb-swiper-button awb-swiper-button-prev\"><i class=\"awb-icon-angle-left\" aria-hidden=\"true\"><\/i><\/div><div class=\"awb-swiper-button awb-swiper-button-next\"><i class=\"awb-icon-angle-right\" aria-hidden=\"true\"><\/i><\/div><\/div><\/div><\/div><\/div><\/div><\/div>\n","protected":false},"excerpt":{"rendered":"<p>Jarr\u00f3n de gres &#8221; <strong>Granada<\/strong> &#8220;, torneado y modelado.<br \/>\nDecoraci\u00f3n de engobe coloreado aplicada con pincel. <\/p>\n<p> Altura: 109 mm Anchura: 97 mm Peso: 420 g Capacidad: +\/- 400 ml<\/p>\n","protected":false},"featured_media":3285,"comment_status":"open","ping_status":"closed","template":"","meta":{"_acf_changed":false},"collection-obj":[110],"product_brand":[],"product_cat":[106,105],"product_tag":[],"class_list":{"0":"post-3604","1":"product","2":"type-product","3":"status-publish","4":"has-post-thumbnail","6":"collection-obj-granada","7":"product_cat-jarrones","8":"product_cat-objetos-decorativos","10":"first","11":"onbackorder","12":"featured","13":"shipping-taxable","14":"purchasable","15":"product-type-simple"},"acf":[],"_links":{"self":[{"href":"https:\/\/david-guzman.art\/es\/wp-json\/wp\/v2\/product\/3604","targetHints":{"allow":["GET"]}}],"collection":[{"href":"https:\/\/david-guzman.art\/es\/wp-json\/wp\/v2\/product"}],"about":[{"href":"https:\/\/david-guzman.art\/es\/wp-json\/wp\/v2\/types\/product"}],"replies":[{"embeddable":true,"href":"https:\/\/david-guzman.art\/es\/wp-json\/wp\/v2\/comments?post=3604"}],"wp:featuredmedia":[{"embeddable":true,"href":"https:\/\/david-guzman.art\/es\/wp-json\/wp\/v2\/media\/3285"}],"wp:attachment":[{"href":"https:\/\/david-guzman.art\/es\/wp-json\/wp\/v2\/media?parent=3604"}],"wp:term":[{"taxonomy":"collection-obj","embeddable":true,"href":"https:\/\/david-guzman.art\/es\/wp-json\/wp\/v2\/collection-obj?post=3604"},{"taxonomy":"product_brand","embeddable":true,"href":"https:\/\/david-guzman.art\/es\/wp-json\/wp\/v2\/product_brand?post=3604"},{"taxonomy":"product_cat","embeddable":true,"href":"https:\/\/david-guzman.art\/es\/wp-json\/wp\/v2\/product_cat?post=3604"},{"taxonomy":"product_tag","embeddable":true,"href":"https:\/\/david-guzman.art\/es\/wp-json\/wp\/v2\/product_tag?post=3604"}],"curies":[{"name":"wp","href":"https:\/\/api.w.org\/{rel}","templated":true}]}}