{"id":3585,"date":"2024-09-09T17:49:51","date_gmt":"2024-09-09T15:49:51","guid":{"rendered":"https:\/\/david-guzman.art\/boutique\/taza-olas-de-mar-modelo-g\/"},"modified":"2024-09-11T23:31:07","modified_gmt":"2024-09-11T21:31:07","slug":"taza-olas-de-mar-modelo-g","status":"publish","type":"product","link":"https:\/\/david-guzman.art\/es\/boutique\/taza-olas-de-mar-modelo-g\/","title":{"rendered":"Taza Olas de Mar &#8211; Modelo G"},"content":{"rendered":"<div class=\"fusion-fullwidth fullwidth-box fusion-builder-row-1 fusion-flex-container has-pattern-background has-mask-background nonhundred-percent-fullwidth non-hundred-percent-height-scrolling\" style=\"--awb-border-radius-top-left:0px;--awb-border-radius-top-right:0px;--awb-border-radius-bottom-right:0px;--awb-border-radius-bottom-left:0px;--awb-padding-right:0%;--awb-padding-left:0%;--awb-flex-wrap:wrap;\" ><div class=\"fusion-builder-row fusion-row fusion-flex-align-items-flex-start fusion-flex-content-wrap\" style=\"max-width:1248px;margin-left: calc(-4% \/ 2 );margin-right: calc(-4% \/ 2 );\"><div class=\"fusion-layout-column fusion_builder_column fusion-builder-column-0 fusion_builder_column_1_1 1_1 fusion-flex-column\" style=\"--awb-bg-size:cover;--awb-width-large:100%;--awb-margin-top-large:0px;--awb-spacing-right-large:1.92%;--awb-margin-bottom-large:20px;--awb-spacing-left-large:1.92%;--awb-width-medium:100%;--awb-order-medium:0;--awb-spacing-right-medium:1.92%;--awb-spacing-left-medium:1.92%;--awb-width-small:100%;--awb-order-small:0;--awb-spacing-right-small:1.92%;--awb-spacing-left-small:1.92%;\"><div class=\"fusion-column-wrapper fusion-column-has-shadow fusion-flex-justify-content-flex-start fusion-content-layout-column\"><\/div><\/div><div class=\"fusion-layout-column fusion_builder_column fusion-builder-column-1 fusion_builder_column_1_1 1_1 fusion-flex-column\" style=\"--awb-bg-size:cover;--awb-width-large:100%;--awb-margin-top-large:0px;--awb-spacing-right-large:1.92%;--awb-margin-bottom-large:20px;--awb-spacing-left-large:1.92%;--awb-width-medium:100%;--awb-order-medium:0;--awb-spacing-right-medium:1.92%;--awb-spacing-left-medium:1.92%;--awb-width-small:100%;--awb-order-small:0;--awb-spacing-right-small:1.92%;--awb-spacing-left-small:1.92%;\"><div class=\"fusion-column-wrapper fusion-column-has-shadow fusion-flex-justify-content-flex-start fusion-content-layout-column\"><div class=\"fusion-text fusion-text-1\"><p style=\"text-align: justify;\">Esta <strong>excepcional taza<\/strong> de la colecci\u00f3n <a href=\"https:\/\/david-guzman.art\/collection-obj\/olas-del-mar\/\" target=\"_blank\" rel=\"noopener\">&#8220;Olas de Mar<\/a> &#8221; es una aut\u00e9ntica invitaci\u00f3n al viaje.<br \/>\nSu dise\u00f1o \u00fanico, con una base texturizada y moteada de beige, se ve realzado por un <strong>motivo de olas azules<\/strong> que envuelve su exterior.<br \/>\nEsta decoraci\u00f3n art\u00edstica, inspirada en el oc\u00e9ano, aporta un toque de frescura y serenidad a cada uso.  <\/p>\n<p style=\"text-align: justify;\">Cada detalle de esta taza, desde su elegante forma hasta su vibrante dibujo, es testimonio de la habilidad y la pasi\u00f3n del ceramista.<br \/>\nEs mucho m\u00e1s que un simple recipiente; es una <strong>obra de arte<\/strong> que transforma cada pausa para el caf\u00e9 o el t\u00e9 en un momento de puro placer.   <\/p>\n<\/div><div class=\"fusion-image-carousel fusion-image-carousel-auto fusion-image-carousel-1 lightbox-enabled fusion-carousel-border\"><div class=\"awb-carousel awb-swiper awb-swiper-carousel\" data-autoplay=\"no\" data-columns=\"5\" data-itemmargin=\"13\" data-itemwidth=\"180\" data-touchscroll=\"no\" data-imagesize=\"auto\"><div class=\"swiper-wrapper awb-image-carousel-wrapper fusion-flex-align-items-center\"><div class=\"swiper-slide\"><div class=\"fusion-carousel-item-wrapper\"><div class=\"fusion-image-wrapper hover-type-liftup\"><a data-rel=\"iLightbox[image_carousel_1]\" data-title=\"David Guzman &#8211; Tasse Olas de Mar &#8211; Model G &#8211; 02\" aria-label=\"David Guzman &#8211; Tasse Olas de Mar &#8211; Model G &#8211; 02\" href=\"https:\/\/david-guzman.art\/wp-content\/uploads\/2024\/09\/David-Guzman-Tasse-Olas-de-Mar-Model-G-02.jpg\" target=\"_self\"><img decoding=\"async\" width=\"1600\" height=\"1600\" src=\"https:\/\/david-guzman.art\/wp-content\/uploads\/2024\/09\/David-Guzman-Tasse-Olas-de-Mar-Model-G-02.jpg\" class=\"attachment-full size-full lazyload\" alt=\"\" srcset=\"data:image\/svg+xml,%3Csvg%20xmlns%3D%27http%3A%2F%2Fwww.w3.org%2F2000%2Fsvg%27%20width%3D%271600%27%20height%3D%271600%27%20viewBox%3D%270%200%201600%201600%27%3E%3Crect%20width%3D%271600%27%20height%3D%271600%27%20fill-opacity%3D%220%22%2F%3E%3C%2Fsvg%3E\" data-orig-src=\"https:\/\/david-guzman.art\/wp-content\/uploads\/2024\/09\/David-Guzman-Tasse-Olas-de-Mar-Model-G-02.jpg\" data-srcset=\"https:\/\/david-guzman.art\/wp-content\/uploads\/2024\/09\/David-Guzman-Tasse-Olas-de-Mar-Model-G-02-200x200.jpg 200w, https:\/\/david-guzman.art\/wp-content\/uploads\/2024\/09\/David-Guzman-Tasse-Olas-de-Mar-Model-G-02-400x400.jpg 400w, https:\/\/david-guzman.art\/wp-content\/uploads\/2024\/09\/David-Guzman-Tasse-Olas-de-Mar-Model-G-02-600x600.jpg 600w, https:\/\/david-guzman.art\/wp-content\/uploads\/2024\/09\/David-Guzman-Tasse-Olas-de-Mar-Model-G-02-800x800.jpg 800w, https:\/\/david-guzman.art\/wp-content\/uploads\/2024\/09\/David-Guzman-Tasse-Olas-de-Mar-Model-G-02-1200x1200.jpg 1200w, https:\/\/david-guzman.art\/wp-content\/uploads\/2024\/09\/David-Guzman-Tasse-Olas-de-Mar-Model-G-02.jpg 1600w\" data-sizes=\"auto\" \/><\/a><\/div><\/div><\/div><div class=\"swiper-slide\"><div class=\"fusion-carousel-item-wrapper\"><div class=\"fusion-image-wrapper hover-type-liftup\"><a data-rel=\"iLightbox[image_carousel_1]\" data-title=\"David Guzman &#8211; Tasse Olas de Mar &#8211; Model G &#8211; 01\" aria-label=\"David Guzman &#8211; Tasse Olas de Mar &#8211; Model G &#8211; 01\" href=\"https:\/\/david-guzman.art\/wp-content\/uploads\/2024\/09\/David-Guzman-Tasse-Olas-de-Mar-Model-G-01.jpg\" target=\"_self\"><img decoding=\"async\" width=\"1600\" height=\"1600\" src=\"https:\/\/david-guzman.art\/wp-content\/uploads\/2024\/09\/David-Guzman-Tasse-Olas-de-Mar-Model-G-01.jpg\" class=\"attachment-full size-full lazyload\" alt=\"\" srcset=\"data:image\/svg+xml,%3Csvg%20xmlns%3D%27http%3A%2F%2Fwww.w3.org%2F2000%2Fsvg%27%20width%3D%271600%27%20height%3D%271600%27%20viewBox%3D%270%200%201600%201600%27%3E%3Crect%20width%3D%271600%27%20height%3D%271600%27%20fill-opacity%3D%220%22%2F%3E%3C%2Fsvg%3E\" data-orig-src=\"https:\/\/david-guzman.art\/wp-content\/uploads\/2024\/09\/David-Guzman-Tasse-Olas-de-Mar-Model-G-01.jpg\" data-srcset=\"https:\/\/david-guzman.art\/wp-content\/uploads\/2024\/09\/David-Guzman-Tasse-Olas-de-Mar-Model-G-01-200x200.jpg 200w, https:\/\/david-guzman.art\/wp-content\/uploads\/2024\/09\/David-Guzman-Tasse-Olas-de-Mar-Model-G-01-400x400.jpg 400w, https:\/\/david-guzman.art\/wp-content\/uploads\/2024\/09\/David-Guzman-Tasse-Olas-de-Mar-Model-G-01-600x600.jpg 600w, https:\/\/david-guzman.art\/wp-content\/uploads\/2024\/09\/David-Guzman-Tasse-Olas-de-Mar-Model-G-01-800x800.jpg 800w, https:\/\/david-guzman.art\/wp-content\/uploads\/2024\/09\/David-Guzman-Tasse-Olas-de-Mar-Model-G-01-1200x1200.jpg 1200w, https:\/\/david-guzman.art\/wp-content\/uploads\/2024\/09\/David-Guzman-Tasse-Olas-de-Mar-Model-G-01.jpg 1600w\" data-sizes=\"auto\" \/><\/a><\/div><\/div><\/div><\/div><div class=\"awb-swiper-button awb-swiper-button-prev\"><i class=\"awb-icon-angle-left\" aria-hidden=\"true\"><\/i><\/div><div class=\"awb-swiper-button awb-swiper-button-next\"><i class=\"awb-icon-angle-right\" aria-hidden=\"true\"><\/i><\/div><\/div><\/div><\/div><\/div><\/div><\/div>\n","protected":false},"excerpt":{"rendered":"<p>Taza de caf\u00e9 de gres de la colecci\u00f3n <a href=\"https:\/\/david-guzman.art\/collection-obj\/olas-del-mar\/\" target=\"_blank\" rel=\"noopener\">&#8220;Olas de Mar<\/a> &#8220;.<br \/>\nDecoraci\u00f3n de pincel sinusoidal, engobes azules y blancos.   <\/p>\n<p>Altura: +\/- 65 mm \/ 75 mm.<br \/>  Anchura: +\/- 65 mm \/ 70 mm.<br \/>  Peso: +\/- 125 g \/ 135 g.<br \/>  Capacidad : +\/- 150 ml.<\/p>\n","protected":false},"featured_media":3411,"comment_status":"open","ping_status":"closed","template":"","meta":{"_acf_changed":false},"collection-obj":[28],"product_brand":[],"product_cat":[111],"product_tag":[],"class_list":{"0":"post-3585","1":"product","2":"type-product","3":"status-publish","4":"has-post-thumbnail","6":"collection-obj-olas-del-mar","7":"product_cat-tazas","9":"first","10":"onbackorder","11":"featured","12":"shipping-taxable","13":"purchasable","14":"product-type-simple"},"acf":[],"_links":{"self":[{"href":"https:\/\/david-guzman.art\/es\/wp-json\/wp\/v2\/product\/3585","targetHints":{"allow":["GET"]}}],"collection":[{"href":"https:\/\/david-guzman.art\/es\/wp-json\/wp\/v2\/product"}],"about":[{"href":"https:\/\/david-guzman.art\/es\/wp-json\/wp\/v2\/types\/product"}],"replies":[{"embeddable":true,"href":"https:\/\/david-guzman.art\/es\/wp-json\/wp\/v2\/comments?post=3585"}],"wp:featuredmedia":[{"embeddable":true,"href":"https:\/\/david-guzman.art\/es\/wp-json\/wp\/v2\/media\/3411"}],"wp:attachment":[{"href":"https:\/\/david-guzman.art\/es\/wp-json\/wp\/v2\/media?parent=3585"}],"wp:term":[{"taxonomy":"collection-obj","embeddable":true,"href":"https:\/\/david-guzman.art\/es\/wp-json\/wp\/v2\/collection-obj?post=3585"},{"taxonomy":"product_brand","embeddable":true,"href":"https:\/\/david-guzman.art\/es\/wp-json\/wp\/v2\/product_brand?post=3585"},{"taxonomy":"product_cat","embeddable":true,"href":"https:\/\/david-guzman.art\/es\/wp-json\/wp\/v2\/product_cat?post=3585"},{"taxonomy":"product_tag","embeddable":true,"href":"https:\/\/david-guzman.art\/es\/wp-json\/wp\/v2\/product_tag?post=3585"}],"curies":[{"name":"wp","href":"https:\/\/api.w.org\/{rel}","templated":true}]}}