{"id":3508,"date":"2024-09-07T17:39:31","date_gmt":"2024-09-07T15:39:31","guid":{"rendered":"https:\/\/david-guzman.art\/boutique\/jarron-minera\/"},"modified":"2024-09-12T20:42:02","modified_gmt":"2024-09-12T18:42:02","slug":"jarron-minera","status":"publish","type":"product","link":"https:\/\/david-guzman.art\/es\/boutique\/jarron-minera\/","title":{"rendered":"Jarr\u00f3n &#8220;Minera"},"content":{"rendered":"<div class=\"fusion-fullwidth fullwidth-box fusion-builder-row-1 fusion-flex-container has-pattern-background has-mask-background nonhundred-percent-fullwidth non-hundred-percent-height-scrolling\" style=\"--awb-border-radius-top-left:0px;--awb-border-radius-top-right:0px;--awb-border-radius-bottom-right:0px;--awb-border-radius-bottom-left:0px;--awb-padding-right:0%;--awb-padding-left:0%;--awb-flex-wrap:wrap;\" ><div class=\"fusion-builder-row fusion-row fusion-flex-align-items-flex-start fusion-flex-content-wrap\" style=\"max-width:1248px;margin-left: calc(-4% \/ 2 );margin-right: calc(-4% \/ 2 );\"><div class=\"fusion-layout-column fusion_builder_column fusion-builder-column-0 fusion_builder_column_1_1 1_1 fusion-flex-column\" style=\"--awb-bg-size:cover;--awb-width-large:100%;--awb-margin-top-large:0px;--awb-spacing-right-large:1.92%;--awb-margin-bottom-large:20px;--awb-spacing-left-large:1.92%;--awb-width-medium:100%;--awb-order-medium:0;--awb-spacing-right-medium:1.92%;--awb-spacing-left-medium:1.92%;--awb-width-small:100%;--awb-order-small:0;--awb-spacing-right-small:1.92%;--awb-spacing-left-small:1.92%;\"><div class=\"fusion-column-wrapper fusion-column-has-shadow fusion-flex-justify-content-flex-start fusion-content-layout-column\"><\/div><\/div><div class=\"fusion-layout-column fusion_builder_column fusion-builder-column-1 fusion_builder_column_1_1 1_1 fusion-flex-column\" style=\"--awb-bg-size:cover;--awb-width-large:100%;--awb-margin-top-large:0px;--awb-spacing-right-large:1.92%;--awb-margin-bottom-large:20px;--awb-spacing-left-large:1.92%;--awb-width-medium:100%;--awb-order-medium:0;--awb-spacing-right-medium:1.92%;--awb-spacing-left-medium:1.92%;--awb-width-small:100%;--awb-order-small:0;--awb-spacing-right-small:1.92%;--awb-spacing-left-small:1.92%;\"><div class=\"fusion-column-wrapper fusion-column-has-shadow fusion-flex-justify-content-flex-start fusion-content-layout-column\"><div class=\"fusion-text fusion-text-1\"><p style=\"text-align: justify;\">Descubre el jarr\u00f3n <strong>&#8220;Minera&#8221;<\/strong>, una pieza excepcional creada por un ceramista de talento.<br \/>\nSu forma elegante y org\u00e1nica evoca la belleza natural de los minerales.<br \/>\nSu acabado \u00fanico, con sutiles matices y delicadas texturas, es testimonio de la habilidad y la pasi\u00f3n de su creador.  <\/p>\n<p style=\"text-align: justify;\">Cada detalle de este jarr\u00f3n, desde su gr\u00e1cil silueta hasta su superficie t\u00e1ctil, lo convierte en una obra de arte por derecho propio.<br \/>\nEl jarr\u00f3n <strong>Minera<\/strong> es perfecto para a\u00f1adir un toque de sofisticaci\u00f3n y refinamiento a cualquier interior.   <\/p>\n<\/div><div class=\"fusion-image-carousel fusion-image-carousel-auto fusion-image-carousel-1 lightbox-enabled fusion-carousel-border\"><div class=\"awb-carousel awb-swiper awb-swiper-carousel\" data-autoplay=\"no\" data-columns=\"5\" data-itemmargin=\"13\" data-itemwidth=\"180\" data-touchscroll=\"no\" data-imagesize=\"auto\"><div class=\"swiper-wrapper awb-image-carousel-wrapper fusion-flex-align-items-center\"><div class=\"swiper-slide\"><div class=\"fusion-carousel-item-wrapper\"><div class=\"fusion-image-wrapper hover-type-liftup\"><a data-rel=\"iLightbox[image_carousel_1]\" data-caption=\"\" href=\"https:\/\/david-guzman.art\/wp-content\/uploads\/2024\/09\/david-guzman-c-ramique-minera-3_orig.jpg\" target=\"_self\"><\/a><\/div><\/div><\/div><div class=\"swiper-slide\"><div class=\"fusion-carousel-item-wrapper\"><div class=\"fusion-image-wrapper hover-type-liftup\"><a data-rel=\"iLightbox[image_carousel_1]\" data-caption=\"\" href=\"https:\/\/david-guzman.art\/wp-content\/uploads\/2024\/09\/david-guzman-c-ramique-minera-3_orig.jpg\" target=\"_self\"><\/a><\/div><\/div><\/div><div class=\"swiper-slide\"><div class=\"fusion-carousel-item-wrapper\"><div class=\"fusion-image-wrapper hover-type-liftup\"><a data-rel=\"iLightbox[image_carousel_1]\" data-caption=\"\" href=\"https:\/\/david-guzman.art\/wp-content\/uploads\/2024\/09\/david-guzman-c-ramique-minera-3_orig.jpg\" target=\"_self\"><\/a><\/div><\/div><\/div><\/div><div class=\"awb-swiper-button awb-swiper-button-prev\"><i class=\"awb-icon-angle-left\" aria-hidden=\"true\"><\/i><\/div><div class=\"awb-swiper-button awb-swiper-button-next\"><i class=\"awb-icon-angle-right\" aria-hidden=\"true\"><\/i><\/div><\/div><\/div><\/div><\/div><\/div><\/div>\n","protected":false},"excerpt":{"rendered":"<p>Jarr\u00f3n de gres &#8221; <strong>Minera<\/strong> &#8220;, torneado y modelado.<br \/>\nDecoraci\u00f3n de engobe coloreado aplicada con pincel. <\/p>\n","protected":false},"featured_media":3549,"comment_status":"open","ping_status":"closed","template":"","meta":{"_acf_changed":false},"collection-obj":[75],"product_brand":[],"product_cat":[106,105],"product_tag":[],"class_list":{"0":"post-3508","1":"product","2":"type-product","3":"status-publish","4":"has-post-thumbnail","6":"collection-obj-minera","7":"product_cat-jarrones","8":"product_cat-objetos-decorativos","9":"product_shipping_class-pesado","11":"first","12":"onbackorder","13":"shipping-taxable","14":"purchasable","15":"product-type-simple"},"acf":[],"_links":{"self":[{"href":"https:\/\/david-guzman.art\/es\/wp-json\/wp\/v2\/product\/3508","targetHints":{"allow":["GET"]}}],"collection":[{"href":"https:\/\/david-guzman.art\/es\/wp-json\/wp\/v2\/product"}],"about":[{"href":"https:\/\/david-guzman.art\/es\/wp-json\/wp\/v2\/types\/product"}],"replies":[{"embeddable":true,"href":"https:\/\/david-guzman.art\/es\/wp-json\/wp\/v2\/comments?post=3508"}],"wp:featuredmedia":[{"embeddable":true,"href":"https:\/\/david-guzman.art\/es\/wp-json\/wp\/v2\/media\/3549"}],"wp:attachment":[{"href":"https:\/\/david-guzman.art\/es\/wp-json\/wp\/v2\/media?parent=3508"}],"wp:term":[{"taxonomy":"collection-obj","embeddable":true,"href":"https:\/\/david-guzman.art\/es\/wp-json\/wp\/v2\/collection-obj?post=3508"},{"taxonomy":"product_brand","embeddable":true,"href":"https:\/\/david-guzman.art\/es\/wp-json\/wp\/v2\/product_brand?post=3508"},{"taxonomy":"product_cat","embeddable":true,"href":"https:\/\/david-guzman.art\/es\/wp-json\/wp\/v2\/product_cat?post=3508"},{"taxonomy":"product_tag","embeddable":true,"href":"https:\/\/david-guzman.art\/es\/wp-json\/wp\/v2\/product_tag?post=3508"}],"curies":[{"name":"wp","href":"https:\/\/api.w.org\/{rel}","templated":true}]}}