{"id":2866,"date":"2024-08-18T17:29:03","date_gmt":"2024-08-18T15:29:03","guid":{"rendered":"https:\/\/david-guzman.art\/politica-de-privacidad\/"},"modified":"2024-09-13T19:18:22","modified_gmt":"2024-09-13T17:18:22","slug":"politica-de-privacidad","status":"publish","type":"page","link":"https:\/\/david-guzman.art\/es\/politica-de-privacidad\/","title":{"rendered":"Pol\u00edtica de privacidad"},"content":{"rendered":"<div class=\"fusion-fullwidth fullwidth-box fusion-builder-row-1 fusion-flex-container has-pattern-background has-mask-background nonhundred-percent-fullwidth non-hundred-percent-height-scrolling\" style=\"--awb-border-radius-top-left:0px;--awb-border-radius-top-right:0px;--awb-border-radius-bottom-right:0px;--awb-border-radius-bottom-left:0px;--awb-padding-right:10%;--awb-padding-left:10%;--awb-flex-wrap:wrap;\" ><div class=\"fusion-builder-row fusion-row fusion-flex-align-items-flex-start fusion-flex-content-wrap\" style=\"max-width:1248px;margin-left: calc(-4% \/ 2 );margin-right: calc(-4% \/ 2 );\"><div class=\"fusion-layout-column fusion_builder_column fusion-builder-column-0 fusion_builder_column_1_1 1_1 fusion-flex-column\" style=\"--awb-bg-size:cover;--awb-width-large:100%;--awb-margin-top-large:0px;--awb-spacing-right-large:1.92%;--awb-margin-bottom-large:0px;--awb-spacing-left-large:1.92%;--awb-width-medium:100%;--awb-spacing-right-medium:1.92%;--awb-spacing-left-medium:1.92%;--awb-width-small:100%;--awb-spacing-right-small:1.92%;--awb-spacing-left-small:1.92%;\"><div class=\"fusion-column-wrapper fusion-flex-justify-content-flex-start fusion-content-layout-column\"><div class=\"fusion-title title fusion-title-1 fusion-sep-none fusion-title-center fusion-title-text fusion-title-size-one\" style=\"--awb-margin-bottom:0px;--awb-font-size:30px;\"><h1 class=\"fusion-title-heading title-heading-center\" style=\"margin:0;font-size:1em;\">Pol\u00edtica de privacidad<\/h1><\/div><div class=\"fusion-title title fusion-title-2 fusion-sep-none fusion-title-center fusion-title-text fusion-title-size-six\" style=\"--awb-margin-bottom:40px;--awb-font-size:16px;\"><h6 class=\"fusion-title-heading title-heading-center\" style=\"margin:0;font-size:1em;\">\u00daltima actualizaci\u00f3n: 13 de septiembre de 2024<\/h6><\/div><div class=\"fusion-text fusion-text-1\"><p style=\"text-align: justify;\">Esta pol\u00edtica de privacidad describe c\u00f3mo DAVID GUZMAN CERAMISTE (&#8220;nosotros&#8221;, &#8220;nos&#8221;, &#8220;nuestro&#8221;) recoge, utiliza y protege la informaci\u00f3n personal de los usuarios (&#8220;t\u00fa&#8221;, &#8220;tu&#8221;) del sitio web de DAVID GUZMAN CERAMISTE (https:\/\/david-guzman.art).<\/p>\n<h4>1. Recogida de informaci\u00f3n personal<\/h4>\n<p style=\"text-align: justify;\">Recogemos varios tipos de informaci\u00f3n personal cuando interact\u00faas con nuestro sitio, en particular cuando :<\/p>\n<ul>\n<li>Navega por nuestro sitio;<\/li>\n<li>Crea una cuenta o realiza una compra;<\/li>\n<li>Suscr\u00edbete a nuestro bolet\u00edn;<\/li>\n<li>Ponte en contacto con nosotros a trav\u00e9s de nuestros formularios o por correo electr\u00f3nico.<\/li>\n<\/ul>\n<p>La informaci\u00f3n recogida puede incluir:<\/p>\n<ul>\n<li>Tus apellidos, nombre, direcci\u00f3n de correo electr\u00f3nico, direcci\u00f3n postal y n\u00famero de tel\u00e9fono;<\/li>\n<li>Datos de pago (para transacciones en el sitio web) ;<\/li>\n<li>Informaci\u00f3n relativa a la navegaci\u00f3n, como direcciones IP, cookies y datos de uso del sitio.<\/li>\n<\/ul>\n<h4>2. Uso de la informaci\u00f3n<\/h4>\n<p>La informaci\u00f3n recogida se utiliza para los siguientes fines:<\/p>\n<ul>\n<li>Procesamiento de pedidos: Para procesar y gestionar los pedidos realizados a trav\u00e9s de nuestro sitio.<\/li>\n<li>Mejora del sitio: Para mejorar la experiencia del usuario y personalizar nuestros servicios seg\u00fan tus necesidades.<\/li>\n<li>Comunicaci\u00f3n: Para enviarte correos electr\u00f3nicos relacionados con tus pedidos o, si has dado tu consentimiento, para enviarte boletines u ofertas promocionales.<\/li>\n<li>Cumplimiento legal: Para cumplir con nuestras obligaciones legales y reglamentarias.<\/li>\n<\/ul>\n<h4>3. Compartir informaci\u00f3n<\/h4>\n<p>S\u00f3lo compartimos tu informaci\u00f3n personal con terceros en los siguientes casos:<\/p>\n<ul>\n<li>Proveedores de servicios: Para facilitar la entrega de pedidos y pagos, o para gestionar el alojamiento del sitio, podemos compartir tus datos con socios de confianza, siempre en el marco de su misi\u00f3n.<\/li>\n<li>Requisitos legales: Podemos revelar tus datos si as\u00ed lo exige la ley o para responder a solicitudes leg\u00edtimas de las autoridades.<\/li>\n<\/ul>\n<h4>4. Cookies<\/h4>\n<p style=\"text-align: justify;\">Utilizamos cookies para recopilar informaci\u00f3n sobre c\u00f3mo utilizas nuestro sitio y para mejorar tu experiencia.<br \/>\nLas cookies son peque\u00f1os archivos que se almacenan en tu ordenador o dispositivo m\u00f3vil.<br \/>\nPuedes configurar tu navegador para rechazar las cookies o para que te avise cuando se est\u00e9n utilizando.<br \/>\nSin embargo, algunas funciones del sitio pueden verse afectadas si desactivas las cookies.   <\/p>\n<h4>5. Seguridad de los datos<\/h4>\n<p style=\"text-align: justify;\">Nos comprometemos a proteger tus datos personales contra el acceso no autorizado, la alteraci\u00f3n o la destrucci\u00f3n.<br \/>\nUtilizamos medidas de seguridad t\u00e9cnicas y organizativas, como la encriptaci\u00f3n de datos y cortafuegos, para proteger tus datos. <\/p>\n<h4>6. Periodo de conservaci\u00f3n de los datos<\/h4>\n<p>Tus datos personales s\u00f3lo se conservar\u00e1n durante el tiempo necesario para cumplir los fines para los que fueron recogidos y para cumplir nuestras obligaciones legales.<br \/>\nEn general : <\/p>\n<ul>\n<li>Los datos relativos a tus pedidos se conservar\u00e1n durante 5 a\u00f1os.<\/li>\n<li>La informaci\u00f3n de marketing se conservar\u00e1 hasta que te des de baja de nuestro bolet\u00edn.<\/li>\n<\/ul>\n<h4>7. Tus derechos<\/h4>\n<p>De acuerdo con el RGPD, tienes los siguientes derechos en relaci\u00f3n con tu informaci\u00f3n personal:<\/p>\n<ul>\n<li>Derecho de acceso: Puedes solicitar acceso a los datos personales que tenemos sobre ti.<\/li>\n<li>Derecho de rectificaci\u00f3n: Puedes pedir que se corrijan o actualicen tus datos personales si son inexactos.<\/li>\n<li>Derecho de supresi\u00f3n: Puedes solicitar la supresi\u00f3n de tus datos personales, a menos que necesitemos conservarlos por motivos legales.<\/li>\n<li>Derecho de oposici\u00f3n: Puedes oponerte al uso de tus datos con fines de marketing.<\/li>\n<li>Derecho a la portabilidad: Tienes derecho a recibir los datos personales que nos hayas facilitado en un formato estructurado y legible por m\u00e1quina.<\/li>\n<\/ul>\n<p>Para ejercer estos derechos, ponte en contacto con nosotros por correo electr\u00f3nico en la siguiente direcci\u00f3n: https: <a href=\"https:\/\/david-guzman.art\/es\/ponte-en-contacto-con\/\">\/\/david-guzman.art\/contact<\/a><\/p>\n<h4>8. Cambios en la pol\u00edtica de privacidad<\/h4>\n<p style=\"text-align: justify;\">Nos reservamos el derecho a modificar esta pol\u00edtica de privacidad en cualquier momento.<br \/>\nCualquier cambio se publicar\u00e1 en esta p\u00e1gina y entrar\u00e1 en vigor inmediatamente.<br \/>\nTe animamos a consultar esta p\u00e1gina con regularidad para mantenerte informado de cualquier cambio.  <\/p>\n<h4>9. Contacta con<\/h4>\n<p>Si tienes alguna pregunta sobre esta pol\u00edtica de privacidad, ponte en contacto con nosotros en la siguiente direcci\u00f3n: https: <a href=\"https:\/\/david-guzman.art\/es\/ponte-en-contacto-con\/\">\/\/david-guzman.art\/contact<\/a><\/p>\n<\/div><div class=\"fusion-separator fusion-full-width-sep\" style=\"align-self: center;margin-left: auto;margin-right: auto;width:100%;\"><div class=\"fusion-separator-border sep-single sep-solid\" style=\"--awb-height:20px;--awb-amount:20px;--awb-sep-color:#a3a3a3;border-color:#a3a3a3;border-top-width:1px;\"><\/div><\/div><\/div><\/div><\/div><\/div>\n","protected":false},"excerpt":{"rendered":"","protected":false},"author":1,"featured_media":0,"parent":0,"menu_order":69,"comment_status":"closed","ping_status":"open","template":"","meta":{"_acf_changed":false,"footnotes":""},"class_list":["post-2866","page","type-page","status-publish","hentry"],"acf":[],"_links":{"self":[{"href":"https:\/\/david-guzman.art\/es\/wp-json\/wp\/v2\/pages\/2866","targetHints":{"allow":["GET"]}}],"collection":[{"href":"https:\/\/david-guzman.art\/es\/wp-json\/wp\/v2\/pages"}],"about":[{"href":"https:\/\/david-guzman.art\/es\/wp-json\/wp\/v2\/types\/page"}],"author":[{"embeddable":true,"href":"https:\/\/david-guzman.art\/es\/wp-json\/wp\/v2\/users\/1"}],"replies":[{"embeddable":true,"href":"https:\/\/david-guzman.art\/es\/wp-json\/wp\/v2\/comments?post=2866"}],"version-history":[{"count":22,"href":"https:\/\/david-guzman.art\/es\/wp-json\/wp\/v2\/pages\/2866\/revisions"}],"predecessor-version":[{"id":4473,"href":"https:\/\/david-guzman.art\/es\/wp-json\/wp\/v2\/pages\/2866\/revisions\/4473"}],"wp:attachment":[{"href":"https:\/\/david-guzman.art\/es\/wp-json\/wp\/v2\/media?parent=2866"}],"curies":[{"name":"wp","href":"https:\/\/api.w.org\/{rel}","templated":true}]}}