{"id":2865,"date":"2024-09-03T19:45:04","date_gmt":"2024-09-03T17:45:04","guid":{"rendered":"https:\/\/david-guzman.art\/condiciones-generales-de-venta\/"},"modified":"2024-09-15T22:48:07","modified_gmt":"2024-09-15T20:48:07","slug":"condiciones-generales-de-venta","status":"publish","type":"page","link":"https:\/\/david-guzman.art\/es\/condiciones-generales-de-venta\/","title":{"rendered":"Condiciones generales de venta"},"content":{"rendered":"<div class=\"fusion-fullwidth fullwidth-box fusion-builder-row-1 fusion-flex-container has-pattern-background has-mask-background nonhundred-percent-fullwidth non-hundred-percent-height-scrolling\" style=\"--awb-border-radius-top-left:0px;--awb-border-radius-top-right:0px;--awb-border-radius-bottom-right:0px;--awb-border-radius-bottom-left:0px;--awb-padding-right:10%;--awb-padding-left:10%;--awb-flex-wrap:wrap;\" ><div class=\"fusion-builder-row fusion-row fusion-flex-align-items-flex-start fusion-flex-content-wrap\" style=\"max-width:1248px;margin-left: calc(-4% \/ 2 );margin-right: calc(-4% \/ 2 );\"><div class=\"fusion-layout-column fusion_builder_column fusion-builder-column-0 fusion_builder_column_1_1 1_1 fusion-flex-column\" style=\"--awb-bg-size:cover;--awb-width-large:100%;--awb-margin-top-large:0px;--awb-spacing-right-large:1.92%;--awb-margin-bottom-large:20px;--awb-spacing-left-large:1.92%;--awb-width-medium:100%;--awb-order-medium:0;--awb-spacing-right-medium:1.92%;--awb-spacing-left-medium:1.92%;--awb-width-small:100%;--awb-order-small:0;--awb-spacing-right-small:1.92%;--awb-spacing-left-small:1.92%;\" data-scroll-devices=\"small-visibility,medium-visibility,large-visibility\"><div class=\"fusion-column-wrapper fusion-column-has-shadow fusion-flex-justify-content-flex-start fusion-content-layout-column\"><div style=\"text-align:center;\"><a class=\"fusion-button button-flat button-small button-custom fusion-button-default button-1 fusion-button-default-span fusion-button-default-type fusion-has-button-gradient\" style=\"--button_accent_color:var(--awb-color1);--button_accent_hover_color:var(--awb-color1);--button_border_hover_color:var(--awb-color1);--button_gradient_top_color:var(--awb-color8);--button_gradient_bottom_color:var(--awb-color8);--button_gradient_top_color_hover:hsla(var(--awb-color6-h),calc(var(--awb-color6-s) - 5%),calc(var(--awb-color6-l) - 10%),var(--awb-color6-a));--button_gradient_bottom_color_hover:hsla(var(--awb-color7-h),calc(var(--awb-color7-s) - 5%),calc(var(--awb-color7-l) - 10%),var(--awb-color7-a));\" target=\"_blank\" rel=\"noopener noreferrer\" href=\"https:\/\/david-guzman.art\/es\/condiciones-generales-de-venta\/?cgvfull=1\"><span class=\"fusion-button-text\">Leer pantalla completa<\/span><i class=\"fa-expand fas button-icon-right\" aria-hidden=\"true\"><\/i><\/a><\/div><\/div><\/div><div class=\"fusion-layout-column fusion_builder_column fusion-builder-column-1 fusion_builder_column_1_1 1_1 fusion-flex-column\" style=\"--awb-bg-size:cover;--awb-width-large:100%;--awb-margin-top-large:0px;--awb-spacing-right-large:1.92%;--awb-margin-bottom-large:0px;--awb-spacing-left-large:1.92%;--awb-width-medium:100%;--awb-spacing-right-medium:1.92%;--awb-spacing-left-medium:1.92%;--awb-width-small:100%;--awb-spacing-right-small:1.92%;--awb-spacing-left-small:1.92%;\"><div class=\"fusion-column-wrapper fusion-flex-justify-content-flex-start fusion-content-layout-column\"><div class=\"fusion-title title fusion-title-1 fusion-no-small-visibility fusion-sep-none fusion-title-center fusion-title-text fusion-title-size-one\" style=\"--awb-margin-bottom:0px;--awb-font-size:30px;\"><h1 class=\"fusion-title-heading title-heading-center\" style=\"margin:0;font-size:1em;\">Condiciones de venta<\/h1><\/div><div class=\"fusion-title title fusion-title-2 fusion-no-medium-visibility fusion-no-large-visibility fusion-sep-none fusion-title-center fusion-title-text fusion-title-size-one\" style=\"--awb-margin-bottom:0px;--awb-font-size:24px;\"><h1 class=\"fusion-title-heading title-heading-center\" style=\"margin:0;font-size:1em;\">Condiciones de venta<\/h1><\/div><div class=\"fusion-title title fusion-title-3 fusion-sep-none fusion-title-center fusion-title-text fusion-title-size-six\" style=\"--awb-margin-bottom:40px;--awb-font-size:16px;\"><h6 class=\"fusion-title-heading title-heading-center\" style=\"margin:0;font-size:1em;\">\u00daltima actualizaci\u00f3n: 13 de septiembre de 2024<\/h6><\/div><div class=\"fusion-text fusion-text-1\"><p>&#13;<\/p>\n<p style=\"text-align: justify;\">Las presentes condiciones generales de venta (CGV) se aplican a todas las ventas concluidas en el sitio web DAVID GUZMAN CERAMISTE (https:\/\/david-guzman.art), propiedad de DAVID GUZMAN, registrada con el n\u00famero SIRET 44024204800039, cuyo domicilio social se encuentra en 8 RUE SCHAEFFER 14800 TOUQUES.<\/p>\n<p>&#13;<\/p>\n<h4>1. Objet<\/h4>\n<p>&#13;<\/p>\n<p style=\"text-align: justify;\">Estas CGV definen los derechos y obligaciones de las partes en el contexto de la venta en l\u00ednea de obras de arte y productos relacionados ofrecidos en el sitio web de DAVID GUZMAN CERAMISTE (https:\/\/david-guzman.art).<\/p>\n<p>&#13;<\/p>\n<h4>2. Produits<\/h4>\n<p>&#13;<\/p>\n<p style=\"text-align: justify;\">Los productos puestos a la venta son los descritos en el sitio web el d\u00eda de la consulta.\nLas fotograf\u00edas y descripciones de los productos no tienen valor contractual y pueden variar ligeramente en funci\u00f3n de la reproducci\u00f3n de los colores o del tama\u00f1o de las obras. <\/p>\n<p>&#13;<\/p>\n<h4>3. Prix<\/h4>\n<p>&#13;<\/p>\n<p style=\"text-align: justify;\">Los precios de los productos se indican en euros (\u20ac), impuestos incluidos.\nLos gastos de env\u00edo se facturan adem\u00e1s del precio de los productos y se indican antes de validar el pedido.   <\/p>\n<p>&#13;<\/p>\n<h4>4. Commande<\/h4>\n<p>&#13;<\/p>\n<p style=\"text-align: justify;\">Todos los pedidos realizados en el sitio web son vinculantes para el cliente en cuanto se confirma el pago.\nEl cliente recibir\u00e1 un correo electr\u00f3nico de confirmaci\u00f3n con un resumen del pedido y los detalles de la entrega. <\/p>\n<p>&#13;<\/p>\n<h4>5. Paiement<\/h4>\n<p>&#13;<\/p>\n<p style=\"text-align: justify;\">El pago debe efectuarse inmediatamente al realizar el pedido.\nEl cliente puede pagar con tarjeta de cr\u00e9dito o cualquier otro medio de pago ofrecido en el sitio. <\/p>\n<p>&#13;<\/p>\n<h4>6. Livraison<\/h4>\n<p>&#13;<\/p>\n<p style=\"text-align: justify;\">Los productos se entregan en la direcci\u00f3n indicada al realizar el pedido.\nLos plazos de entrega pueden variar en funci\u00f3n del destino y se especificar\u00e1n al realizar el pedido.\nEn caso de retraso en la entrega, se informar\u00e1 al cliente.  <\/p>\n<p>&#13;<\/p>\n<h4>7. Droit de r\u00e9tractation<\/h4>\n<p>&#13;<\/p>\n<p style=\"text-align: justify;\">De acuerdo con la legislaci\u00f3n vigente, el cliente dispone de un plazo de 14 d\u00edas desde la recepci\u00f3n de los productos para ejercer su derecho de desistimiento, sin necesidad de justificar su decisi\u00f3n.\nEl cliente deber\u00e1 devolver los productos en su estado original y en perfectas condiciones.\nLos gastos de devoluci\u00f3n de los productos correr\u00e1n a cargo del cliente.\nEl reembolso se efectuar\u00e1 en un plazo de 30 d\u00edas a partir de la recepci\u00f3n de los productos devueltos.   <\/p>\n<p>&#13;<\/p>\n<h4>8. Responsabilit\u00e9<\/h4>\n<p>&#13;<\/p>\n<p style=\"text-align: justify;\">El vendedor no se hace responsable de los da\u00f1os derivados del mal uso de los productos adquiridos o de negligencias por parte del cliente.<\/p>\n<p>&#13;<\/p>\n<h4>9. Garantie<\/h4>\n<p>&#13;<\/p>\n<p style=\"text-align: justify;\">Las obras de arte y productos relacionados vendidos en el sitio web est\u00e1n cubiertos por la garant\u00eda legal de conformidad establecida en el C\u00f3digo de Consumo franc\u00e9s y la garant\u00eda contra vicios ocultos establecida en el C\u00f3digo Civil franc\u00e9s.<\/p>\n<p>&#13;<\/p>\n<h4>10. Donn\u00e9es personnelles<\/h4>\n<p>&#13;<\/p>\n<p style=\"text-align: justify;\">El vendedor se compromete a proteger los datos personales de los clientes de acuerdo con la normativa vigente.\nLos datos recogidos se utilizan \u00fanicamente para procesar los pedidos y comunicarse con los clientes.\nLos clientes tienen derecho a acceder, rectificar y suprimir los datos que les conciernan.  <\/p>\n<p>&#13;<\/p>\n<h4>11. Propri\u00e9t\u00e9 intellectuelle<\/h4>\n<p>&#13;<\/p>\n<p style=\"text-align: justify;\">Todas las obras de arte, im\u00e1genes, textos y otros contenidos del sitio est\u00e1n protegidos por derechos de autor y no pueden reproducirse ni utilizarse sin permiso del autor.<\/p>\n<p>&#13;<\/p>\n<h4>12. Droit applicable et juridiction comp\u00e9tente<\/h4>\n<p>&#13;<\/p>\n<p style=\"text-align: justify;\">Las presentes CGV se rigen por la legislaci\u00f3n francesa.\nEn caso de litigio, las partes se esforzar\u00e1n por encontrar una soluci\u00f3n amistosa.\nEn su defecto, los tribunales competentes ser\u00e1n los de Deauville.  <\/p>\n<p>&#13;<\/p>\n<h4>13. Modifications des CGV<\/h4>\n<p>&#13;<\/p>\n<p style=\"text-align: justify;\">El vendedor se reserva el derecho de modificar estas condiciones generales de venta en cualquier momento.\nLos cambios entrar\u00e1n en vigor en cuanto se publiquen en el sitio. <\/p>\n<p>&#13;<\/p>\n<\/div><div class=\"fusion-separator fusion-full-width-sep\" style=\"align-self: center;margin-left: auto;margin-right: auto;width:100%;\"><div class=\"fusion-separator-border sep-single sep-solid\" style=\"--awb-height:20px;--awb-amount:20px;--awb-sep-color:#a3a3a3;border-color:#a3a3a3;border-top-width:1px;\"><\/div><\/div><div class=\"fusion-text fusion-text-2\"><p>&#13;<\/p>\n<h4>Contact<\/h4>\n<p>&#13;<\/p>\n<p style=\"text-align: justify;\">Si tienes alguna pregunta sobre estas condiciones de venta, ponte en contacto con nosotros en la siguiente direcci\u00f3n: https: <a href=\"https:\/\/david-guzman.art\/es\/ponte-en-contacto-con\/\">\/\/david-guzman.art\/contact<\/a><\/p>\n<p>&#13;<\/p>\n<\/div><\/div><\/div><\/div><\/div>","protected":false},"excerpt":{"rendered":"","protected":false},"author":1,"featured_media":0,"parent":0,"menu_order":64,"comment_status":"closed","ping_status":"closed","template":"","meta":{"_acf_changed":false,"footnotes":""},"class_list":["post-2865","page","type-page","status-publish","hentry"],"acf":[],"_links":{"self":[{"href":"https:\/\/david-guzman.art\/es\/wp-json\/wp\/v2\/pages\/2865","targetHints":{"allow":["GET"]}}],"collection":[{"href":"https:\/\/david-guzman.art\/es\/wp-json\/wp\/v2\/pages"}],"about":[{"href":"https:\/\/david-guzman.art\/es\/wp-json\/wp\/v2\/types\/page"}],"author":[{"embeddable":true,"href":"https:\/\/david-guzman.art\/es\/wp-json\/wp\/v2\/users\/1"}],"replies":[{"embeddable":true,"href":"https:\/\/david-guzman.art\/es\/wp-json\/wp\/v2\/comments?post=2865"}],"version-history":[{"count":16,"href":"https:\/\/david-guzman.art\/es\/wp-json\/wp\/v2\/pages\/2865\/revisions"}],"predecessor-version":[{"id":4808,"href":"https:\/\/david-guzman.art\/es\/wp-json\/wp\/v2\/pages\/2865\/revisions\/4808"}],"wp:attachment":[{"href":"https:\/\/david-guzman.art\/es\/wp-json\/wp\/v2\/media?parent=2865"}],"curies":[{"name":"wp","href":"https:\/\/api.w.org\/{rel}","templated":true}]}}