{"id":2855,"date":"2024-09-03T19:46:06","date_gmt":"2024-09-03T17:46:06","guid":{"rendered":"https:\/\/david-guzman.art\/informacion-legal\/"},"modified":"2024-09-13T19:21:05","modified_gmt":"2024-09-13T17:21:05","slug":"informacion-legal","status":"publish","type":"page","link":"https:\/\/david-guzman.art\/es\/informacion-legal\/","title":{"rendered":"Informaci\u00f3n legal"},"content":{"rendered":"<div class=\"fusion-fullwidth fullwidth-box fusion-builder-row-1 fusion-flex-container has-pattern-background has-mask-background nonhundred-percent-fullwidth non-hundred-percent-height-scrolling\" style=\"--awb-border-radius-top-left:0px;--awb-border-radius-top-right:0px;--awb-border-radius-bottom-right:0px;--awb-border-radius-bottom-left:0px;--awb-padding-right:10%;--awb-padding-left:10%;--awb-flex-wrap:wrap;\" ><div class=\"fusion-builder-row fusion-row fusion-flex-align-items-flex-start fusion-flex-content-wrap\" style=\"max-width:1248px;margin-left: calc(-4% \/ 2 );margin-right: calc(-4% \/ 2 );\"><div class=\"fusion-layout-column fusion_builder_column fusion-builder-column-0 fusion_builder_column_1_1 1_1 fusion-flex-column\" style=\"--awb-bg-size:cover;--awb-width-large:100%;--awb-margin-top-large:0px;--awb-spacing-right-large:1.92%;--awb-margin-bottom-large:0px;--awb-spacing-left-large:1.92%;--awb-width-medium:100%;--awb-spacing-right-medium:1.92%;--awb-spacing-left-medium:1.92%;--awb-width-small:100%;--awb-spacing-right-small:1.92%;--awb-spacing-left-small:1.92%;\"><div class=\"fusion-column-wrapper fusion-flex-justify-content-flex-start fusion-content-layout-column\"><div class=\"fusion-title title fusion-title-1 fusion-sep-none fusion-title-center fusion-title-text fusion-title-size-one\" style=\"--awb-margin-bottom:40px;--awb-font-size:30px;\"><h1 class=\"fusion-title-heading title-heading-center\" style=\"margin:0;font-size:1em;\">Informaci\u00f3n legal<\/h1><\/div><div class=\"fusion-text fusion-text-1\"><p style=\"text-align: justify;\">De conformidad con lo dispuesto en los art\u00edculos 6-III y 19 de la Ley n\u00ba 2004-575 de 21 de junio de 2004 sobre la Confianza en la Econom\u00eda Digital (LCEN), se informa a los usuarios del sitio web de DAVID GUZMAN CERAMISTE (https:\/\/david-guzman.art) del presente aviso legal.<\/p>\n<h4>1. Editor del sitio<\/h4>\n<p>El sitio web de DAVID GUZMAN CERAMISTE (https:\/\/david-guzman.art) est\u00e1 publicado por :<\/p>\n<ul>\n<li>Nombre de la empresa \/ Nombre del artista: DAVID GUZMAN CERAMISTE<\/li>\n<li>Direcci\u00f3n: 8 RUE SCHAEFFER 14800 TOUQUES<\/li>\n<li>SIRET: 44024204800039<\/li>\n<li>Correo electr\u00f3nico: https: <a href=\"https:\/\/david-guzman.art\/es\/ponte-en-contacto-con\/\">\/\/david-guzman.art\/contact<\/a><\/li>\n<li>Tel\u00e9fono: +33 (0)666318282<\/li>\n<\/ul>\n<h4>2. Anfitri\u00f3n del sitio<\/h4>\n<p>El sitio est\u00e1 alojado en : OVH<\/p>\n<p> SAS con capital de 50.000.000 euros RCS Lille M\u00e9tropole 424 761 419 00045 C\u00f3digo APE 2620Z N\u00b0 TVA : FR 22 424 761 419 Domicilio social : 2 rue Kellermann &#8211; 59100 Roubaix &#8211; Francia https:\/\/www.ovhcloud.com<\/p>\n<h4>3. Propiedad intelectual<\/h4>\n<p style=\"text-align: justify;\">Todo el contenido del sitio web de DAVID GUZMAN CERAMISTE (https:\/\/david-guzman.art), incluidos, entre otros, textos, gr\u00e1ficos, im\u00e1genes, logotipos, v\u00eddeos y obras de arte, est\u00e1 protegido por las disposiciones del C\u00f3digo de la Propiedad Intelectual franc\u00e9s.<br \/>\nCualquier reproducci\u00f3n, distribuci\u00f3n, modificaci\u00f3n, adaptaci\u00f3n, retransmisi\u00f3n o publicaci\u00f3n, incluso parcial, de estos diferentes elementos est\u00e1 estrictamente prohibida sin el consentimiento por escrito de DAVID GUZMAN CERAMISTE. <\/p>\n<h4>4. Responsabilidad<\/h4>\n<p style=\"text-align: justify;\">El editor del sitio hace todo lo posible para garantizar la exactitud de la informaci\u00f3n publicada en el sitio.<br \/>\nSin embargo, el editor no se hace responsable de los errores u omisiones relativos a la informaci\u00f3n publicada, ni de los da\u00f1os directos o indirectos que puedan derivarse del acceso al sitio o de la utilizaci\u00f3n de la informaci\u00f3n que contiene. <\/p>\n<p style=\"text-align: justify;\">El editor se reserva el derecho a modificar, corregir o actualizar el contenido del sitio en cualquier momento y sin previo aviso.<\/p>\n<h4>5. Recogida y tratamiento de datos personales<\/h4>\n<p style=\"text-align: justify;\">De conformidad con la Ley francesa de Protecci\u00f3n de Datos modificada del 6 de enero de 1978 y el Reglamento General de Protecci\u00f3n de Datos (RGPD), los usuarios tienen derecho a acceder, rectificar, suprimir y oponerse al tratamiento de sus datos personales.<br \/>\nPara ejercer estos derechos, el usuario puede enviar un correo electr\u00f3nico a la siguiente direcci\u00f3n: https: <a href=\"https:\/\/david-guzman.art\/es\/ponte-en-contacto-con\/\">\/\/david-guzman.art\/contact<\/a> <\/p>\n<p style=\"text-align: justify;\">La informaci\u00f3n recogida a trav\u00e9s de los formularios del sitio web est\u00e1 destinada exclusivamente a DAVID GUZMAN CERAMISTE (https:\/\/david-guzman.art) a efectos de tramitaci\u00f3n de pedidos, comunicaciones y gesti\u00f3n de clientes.<\/p>\n<p style=\"text-align: justify;\">Para m\u00e1s informaci\u00f3n sobre el uso de datos personales, consulta nuestra <a href=\"https:\/\/david-guzman.art\/es\/politica-de-privacidad\/\">Pol\u00edtica de privacidad<\/a>.<\/p>\n<h4>6. Cookies<\/h4>\n<p style=\"text-align: justify;\">El sitio de DAVID GUZMAN CERAMISTE (https:\/\/david-guzman.art) puede recoger autom\u00e1ticamente informaci\u00f3n est\u00e1ndar mediante el uso de cookies.<br \/>\nUna cookie es un peque\u00f1o archivo almacenado en el terminal del usuario.<br \/>\nNo identifica personalmente al usuario, pero registra informaci\u00f3n relativa a la navegaci\u00f3n en el sitio.<br \/>\nEl usuario puede configurar su navegador para rechazar la instalaci\u00f3n de cookies o para ser informado de su presencia y aceptar o rechazar su instalaci\u00f3n individualmente.   <\/p>\n<h4>7. Enlaces de hipertexto<\/h4>\n<p style=\"text-align: justify;\">El sitio web de DAVID GUZMAN CERAMISTE (https:\/\/david-guzman.art) puede contener enlaces de hipertexto a otros sitios web.<br \/>\nEl editor declina toda responsabilidad sobre el contenido de los sitios accesibles a trav\u00e9s de estos enlaces. <\/p>\n<h4>8. Ley aplicable y jurisdicci\u00f3n<\/h4>\n<p style=\"text-align: justify;\">Este aviso legal se rige por la legislaci\u00f3n francesa.<br \/>\nEn caso de litigio, y tras haber intentado encontrar una soluci\u00f3n amistosa, la jurisdicci\u00f3n se atribuye a los tribunales competentes dentro de la jurisdicci\u00f3n del domicilio social del editor. <\/p>\n<h4>9. Contacta con<\/h4>\n<p style=\"text-align: justify;\">Si tienes alguna pregunta o necesitas informaci\u00f3n sobre este aviso legal, ponte en contacto con el editor del sitio en la siguiente direcci\u00f3n: https: <a href=\"https:\/\/david-guzman.art\/es\/ponte-en-contacto-con\/\">\/\/david-guzman.art\/contact<\/a><\/p>\n<\/div><div class=\"fusion-separator fusion-full-width-sep\" style=\"align-self: center;margin-left: auto;margin-right: auto;width:100%;\"><div class=\"fusion-separator-border sep-single sep-solid\" style=\"--awb-height:20px;--awb-amount:20px;--awb-sep-color:#a3a3a3;border-color:#a3a3a3;border-top-width:1px;\"><\/div><\/div><\/div><\/div><\/div><\/div>\n","protected":false},"excerpt":{"rendered":"","protected":false},"author":1,"featured_media":0,"parent":0,"menu_order":26,"comment_status":"closed","ping_status":"closed","template":"","meta":{"_acf_changed":false,"footnotes":""},"class_list":["post-2855","page","type-page","status-publish","hentry"],"acf":[],"_links":{"self":[{"href":"https:\/\/david-guzman.art\/es\/wp-json\/wp\/v2\/pages\/2855","targetHints":{"allow":["GET"]}}],"collection":[{"href":"https:\/\/david-guzman.art\/es\/wp-json\/wp\/v2\/pages"}],"about":[{"href":"https:\/\/david-guzman.art\/es\/wp-json\/wp\/v2\/types\/page"}],"author":[{"embeddable":true,"href":"https:\/\/david-guzman.art\/es\/wp-json\/wp\/v2\/users\/1"}],"replies":[{"embeddable":true,"href":"https:\/\/david-guzman.art\/es\/wp-json\/wp\/v2\/comments?post=2855"}],"version-history":[{"count":7,"href":"https:\/\/david-guzman.art\/es\/wp-json\/wp\/v2\/pages\/2855\/revisions"}],"predecessor-version":[{"id":4478,"href":"https:\/\/david-guzman.art\/es\/wp-json\/wp\/v2\/pages\/2855\/revisions\/4478"}],"wp:attachment":[{"href":"https:\/\/david-guzman.art\/es\/wp-json\/wp\/v2\/media?parent=2855"}],"curies":[{"name":"wp","href":"https:\/\/api.w.org\/{rel}","templated":true}]}}