{"id":3605,"date":"2024-08-21T22:46:53","date_gmt":"2024-08-21T20:46:53","guid":{"rendered":"https:\/\/david-guzman.art\/boutique\/teekanne-olas-de-mar-modell-a\/"},"modified":"2024-10-03T18:45:22","modified_gmt":"2024-10-03T16:45:22","slug":"teekanne-olas-de-mar-kleine","status":"publish","type":"product","link":"https:\/\/david-guzman.art\/de\/boutique\/teekanne-olas-de-mar-kleine\/","title":{"rendered":"Teekanne Olas de Mar &#8211; Kleine"},"content":{"rendered":"<div class=\"fusion-fullwidth fullwidth-box fusion-builder-row-1 fusion-flex-container has-pattern-background has-mask-background nonhundred-percent-fullwidth non-hundred-percent-height-scrolling\" style=\"--awb-border-radius-top-left:0px;--awb-border-radius-top-right:0px;--awb-border-radius-bottom-right:0px;--awb-border-radius-bottom-left:0px;--awb-padding-right:0%;--awb-padding-left:0%;--awb-flex-wrap:wrap;\" ><div class=\"fusion-builder-row fusion-row fusion-flex-align-items-flex-start fusion-flex-content-wrap\" style=\"max-width:1248px;margin-left: calc(-4% \/ 2 );margin-right: calc(-4% \/ 2 );\"><div class=\"fusion-layout-column fusion_builder_column fusion-builder-column-0 fusion_builder_column_1_1 1_1 fusion-flex-column\" style=\"--awb-bg-size:cover;--awb-width-large:100%;--awb-margin-top-large:0px;--awb-spacing-right-large:1.92%;--awb-margin-bottom-large:20px;--awb-spacing-left-large:1.92%;--awb-width-medium:100%;--awb-order-medium:0;--awb-spacing-right-medium:1.92%;--awb-spacing-left-medium:1.92%;--awb-width-small:100%;--awb-order-small:0;--awb-spacing-right-small:1.92%;--awb-spacing-left-small:1.92%;\"><div class=\"fusion-column-wrapper fusion-column-has-shadow fusion-flex-justify-content-flex-start fusion-content-layout-column\"><\/div><\/div><div class=\"fusion-layout-column fusion_builder_column fusion-builder-column-1 fusion_builder_column_1_1 1_1 fusion-flex-column\" style=\"--awb-bg-size:cover;--awb-width-large:100%;--awb-margin-top-large:0px;--awb-spacing-right-large:1.92%;--awb-margin-bottom-large:20px;--awb-spacing-left-large:1.92%;--awb-width-medium:100%;--awb-order-medium:0;--awb-spacing-right-medium:1.92%;--awb-spacing-left-medium:1.92%;--awb-width-small:100%;--awb-order-small:0;--awb-spacing-right-small:1.92%;--awb-spacing-left-small:1.92%;\"><div class=\"fusion-column-wrapper fusion-column-has-shadow fusion-flex-justify-content-flex-start fusion-content-layout-column\"><div class=\"fusion-text fusion-text-1\"><p style=\"text-align: justify;\">Entdecken Sie diese <strong>au\u00dfergew\u00f6hnliche Teekanne<\/strong> aus der Kollektion &#8221; <a href=\"https:\/\/david-guzman.art\/collection-obj\/olas-del-mar\/\" target=\"_blank\" rel=\"noopener\">Olas de Mar<\/a> &#8220;. Dieses einzigartige St\u00fcck wurde von einem talentierten Keramiker hergestellt und zeichnet sich durch sein <strong>elegantes und harmonisches Design<\/strong> aus. Der abgerundete K\u00f6rper und der gebogene Ausguss erinnern an sanfte Wellen, w\u00e4hrend der robuste Henkel f\u00fcr einen bequemen Griff sorgt.<\/p>\n<p style=\"text-align: justify;\">Die <strong>vibrierende Glasur<\/strong>, die die Oberfl\u00e4che der Teekanne schm\u00fcckt, erinnert an die <strong>Wellen des Ozeans<\/strong>, mit blauen und roten Sprenkeln auf einem gebrochenen wei\u00dfen Hintergrund. Jedes Detail, vom einfachen, aber funktionellen Knopf am Deckel bis hin zur glatten Oberfl\u00e4che, zeugt von der Geschicklichkeit und der Leidenschaft seines Sch\u00f6pfers.<\/p>\n<p style=\"text-align: justify;\">Diese Teekanne ist nicht nur ein funktionelles Objekt, sondern ein wahres <strong>Kunstwerk<\/strong>, das Sie bewundern und verschenken k\u00f6nnen.<\/p>\n<\/div><div class=\"fusion-image-carousel fusion-image-carousel-auto fusion-image-carousel-1 lightbox-enabled fusion-carousel-border\"><div class=\"awb-carousel awb-swiper awb-swiper-carousel\" data-autoplay=\"no\" data-columns=\"5\" data-itemmargin=\"13\" data-itemwidth=\"180\" data-touchscroll=\"no\" data-imagesize=\"auto\"><div class=\"swiper-wrapper awb-image-carousel-wrapper fusion-flex-align-items-center\"><div class=\"swiper-slide\"><div class=\"fusion-carousel-item-wrapper\"><div class=\"fusion-image-wrapper hover-type-liftup\"><a data-rel=\"iLightbox[image_carousel_1]\" data-title=\"David Guzman &#8211; Th\u00e9i\u00e8re Olas de Mar &#8211; Model A &#8211; 01\" aria-label=\"David Guzman &#8211; Th\u00e9i\u00e8re Olas de Mar &#8211; Model A &#8211; 01\" href=\"https:\/\/david-guzman.art\/wp-content\/uploads\/2024\/08\/David-Guzman-Theiere-Olas-de-Mar-Model-A-01-scaled.jpg\" target=\"_self\"><img decoding=\"async\" width=\"2560\" height=\"2560\" src=\"https:\/\/david-guzman.art\/wp-content\/uploads\/2024\/08\/David-Guzman-Theiere-Olas-de-Mar-Model-A-01-scaled.jpg\" class=\"attachment-full size-full lazyload\" alt=\"\" srcset=\"data:image\/svg+xml,%3Csvg%20xmlns%3D%27http%3A%2F%2Fwww.w3.org%2F2000%2Fsvg%27%20width%3D%272560%27%20height%3D%272560%27%20viewBox%3D%270%200%202560%202560%27%3E%3Crect%20width%3D%272560%27%20height%3D%272560%27%20fill-opacity%3D%220%22%2F%3E%3C%2Fsvg%3E\" data-orig-src=\"https:\/\/david-guzman.art\/wp-content\/uploads\/2024\/08\/David-Guzman-Theiere-Olas-de-Mar-Model-A-01-scaled.jpg\" data-srcset=\"https:\/\/david-guzman.art\/wp-content\/uploads\/2024\/08\/David-Guzman-Theiere-Olas-de-Mar-Model-A-01-200x200.jpg 200w, https:\/\/david-guzman.art\/wp-content\/uploads\/2024\/08\/David-Guzman-Theiere-Olas-de-Mar-Model-A-01-400x400.jpg 400w, https:\/\/david-guzman.art\/wp-content\/uploads\/2024\/08\/David-Guzman-Theiere-Olas-de-Mar-Model-A-01-600x600.jpg 600w, https:\/\/david-guzman.art\/wp-content\/uploads\/2024\/08\/David-Guzman-Theiere-Olas-de-Mar-Model-A-01-800x800.jpg 800w, https:\/\/david-guzman.art\/wp-content\/uploads\/2024\/08\/David-Guzman-Theiere-Olas-de-Mar-Model-A-01-1200x1200.jpg 1200w, https:\/\/david-guzman.art\/wp-content\/uploads\/2024\/08\/David-Guzman-Theiere-Olas-de-Mar-Model-A-01-scaled.jpg 2560w\" data-sizes=\"auto\" \/><\/a><\/div><\/div><\/div><div class=\"swiper-slide\"><div class=\"fusion-carousel-item-wrapper\"><div class=\"fusion-image-wrapper hover-type-liftup\"><a data-rel=\"iLightbox[image_carousel_1]\" data-title=\"David Guzman &#8211; Th\u00e9i\u00e8re Olas de Mar &#8211; Model A &#8211; 03\" aria-label=\"David Guzman &#8211; Th\u00e9i\u00e8re Olas de Mar &#8211; Model A &#8211; 03\" href=\"https:\/\/david-guzman.art\/wp-content\/uploads\/2024\/08\/David-Guzman-Theiere-Olas-de-Mar-Model-A-03-scaled.jpg\" target=\"_self\"><img decoding=\"async\" width=\"2560\" height=\"2560\" src=\"https:\/\/david-guzman.art\/wp-content\/uploads\/2024\/08\/David-Guzman-Theiere-Olas-de-Mar-Model-A-03-scaled.jpg\" class=\"attachment-full size-full lazyload\" alt=\"\" srcset=\"data:image\/svg+xml,%3Csvg%20xmlns%3D%27http%3A%2F%2Fwww.w3.org%2F2000%2Fsvg%27%20width%3D%272560%27%20height%3D%272560%27%20viewBox%3D%270%200%202560%202560%27%3E%3Crect%20width%3D%272560%27%20height%3D%272560%27%20fill-opacity%3D%220%22%2F%3E%3C%2Fsvg%3E\" data-orig-src=\"https:\/\/david-guzman.art\/wp-content\/uploads\/2024\/08\/David-Guzman-Theiere-Olas-de-Mar-Model-A-03-scaled.jpg\" data-srcset=\"https:\/\/david-guzman.art\/wp-content\/uploads\/2024\/08\/David-Guzman-Theiere-Olas-de-Mar-Model-A-03-200x200.jpg 200w, https:\/\/david-guzman.art\/wp-content\/uploads\/2024\/08\/David-Guzman-Theiere-Olas-de-Mar-Model-A-03-400x400.jpg 400w, https:\/\/david-guzman.art\/wp-content\/uploads\/2024\/08\/David-Guzman-Theiere-Olas-de-Mar-Model-A-03-600x600.jpg 600w, https:\/\/david-guzman.art\/wp-content\/uploads\/2024\/08\/David-Guzman-Theiere-Olas-de-Mar-Model-A-03-800x800.jpg 800w, https:\/\/david-guzman.art\/wp-content\/uploads\/2024\/08\/David-Guzman-Theiere-Olas-de-Mar-Model-A-03-1200x1200.jpg 1200w, https:\/\/david-guzman.art\/wp-content\/uploads\/2024\/08\/David-Guzman-Theiere-Olas-de-Mar-Model-A-03-scaled.jpg 2560w\" data-sizes=\"auto\" \/><\/a><\/div><\/div><\/div><div class=\"swiper-slide\"><div class=\"fusion-carousel-item-wrapper\"><div class=\"fusion-image-wrapper hover-type-liftup\"><a data-rel=\"iLightbox[image_carousel_1]\" data-title=\"David Guzman &#8211; Th\u00e9i\u00e8re Olas de Mar &#8211; Model A &#8211; 05\" aria-label=\"David Guzman &#8211; Th\u00e9i\u00e8re Olas de Mar &#8211; Model A &#8211; 05\" href=\"https:\/\/david-guzman.art\/wp-content\/uploads\/2024\/08\/David-Guzman-Theiere-Olas-de-Mar-Model-A-05-scaled.jpg\" target=\"_self\"><img decoding=\"async\" width=\"2560\" height=\"2560\" src=\"https:\/\/david-guzman.art\/wp-content\/uploads\/2024\/08\/David-Guzman-Theiere-Olas-de-Mar-Model-A-05-scaled.jpg\" class=\"attachment-full size-full lazyload\" alt=\"\" srcset=\"data:image\/svg+xml,%3Csvg%20xmlns%3D%27http%3A%2F%2Fwww.w3.org%2F2000%2Fsvg%27%20width%3D%272560%27%20height%3D%272560%27%20viewBox%3D%270%200%202560%202560%27%3E%3Crect%20width%3D%272560%27%20height%3D%272560%27%20fill-opacity%3D%220%22%2F%3E%3C%2Fsvg%3E\" data-orig-src=\"https:\/\/david-guzman.art\/wp-content\/uploads\/2024\/08\/David-Guzman-Theiere-Olas-de-Mar-Model-A-05-scaled.jpg\" data-srcset=\"https:\/\/david-guzman.art\/wp-content\/uploads\/2024\/08\/David-Guzman-Theiere-Olas-de-Mar-Model-A-05-200x200.jpg 200w, https:\/\/david-guzman.art\/wp-content\/uploads\/2024\/08\/David-Guzman-Theiere-Olas-de-Mar-Model-A-05-400x400.jpg 400w, https:\/\/david-guzman.art\/wp-content\/uploads\/2024\/08\/David-Guzman-Theiere-Olas-de-Mar-Model-A-05-600x600.jpg 600w, https:\/\/david-guzman.art\/wp-content\/uploads\/2024\/08\/David-Guzman-Theiere-Olas-de-Mar-Model-A-05-800x800.jpg 800w, https:\/\/david-guzman.art\/wp-content\/uploads\/2024\/08\/David-Guzman-Theiere-Olas-de-Mar-Model-A-05-1200x1200.jpg 1200w, https:\/\/david-guzman.art\/wp-content\/uploads\/2024\/08\/David-Guzman-Theiere-Olas-de-Mar-Model-A-05-scaled.jpg 2560w\" data-sizes=\"auto\" \/><\/a><\/div><\/div><\/div><div class=\"swiper-slide\"><div class=\"fusion-carousel-item-wrapper\"><div class=\"fusion-image-wrapper hover-type-liftup\"><a data-rel=\"iLightbox[image_carousel_1]\" data-title=\"David Guzman &#8211; Th\u00e9i\u00e8re Olas de Mar &#8211; Model A &#8211; 02\" aria-label=\"David Guzman &#8211; Th\u00e9i\u00e8re Olas de Mar &#8211; Model A &#8211; 02\" href=\"https:\/\/david-guzman.art\/wp-content\/uploads\/2024\/08\/David-Guzman-Theiere-Olas-de-Mar-Model-A-02-scaled.jpg\" target=\"_self\"><img decoding=\"async\" width=\"2560\" height=\"2560\" src=\"https:\/\/david-guzman.art\/wp-content\/uploads\/2024\/08\/David-Guzman-Theiere-Olas-de-Mar-Model-A-02-scaled.jpg\" class=\"attachment-full size-full lazyload\" alt=\"\" srcset=\"data:image\/svg+xml,%3Csvg%20xmlns%3D%27http%3A%2F%2Fwww.w3.org%2F2000%2Fsvg%27%20width%3D%272560%27%20height%3D%272560%27%20viewBox%3D%270%200%202560%202560%27%3E%3Crect%20width%3D%272560%27%20height%3D%272560%27%20fill-opacity%3D%220%22%2F%3E%3C%2Fsvg%3E\" data-orig-src=\"https:\/\/david-guzman.art\/wp-content\/uploads\/2024\/08\/David-Guzman-Theiere-Olas-de-Mar-Model-A-02-scaled.jpg\" data-srcset=\"https:\/\/david-guzman.art\/wp-content\/uploads\/2024\/08\/David-Guzman-Theiere-Olas-de-Mar-Model-A-02-200x200.jpg 200w, https:\/\/david-guzman.art\/wp-content\/uploads\/2024\/08\/David-Guzman-Theiere-Olas-de-Mar-Model-A-02-400x400.jpg 400w, https:\/\/david-guzman.art\/wp-content\/uploads\/2024\/08\/David-Guzman-Theiere-Olas-de-Mar-Model-A-02-600x600.jpg 600w, https:\/\/david-guzman.art\/wp-content\/uploads\/2024\/08\/David-Guzman-Theiere-Olas-de-Mar-Model-A-02-800x800.jpg 800w, https:\/\/david-guzman.art\/wp-content\/uploads\/2024\/08\/David-Guzman-Theiere-Olas-de-Mar-Model-A-02-1200x1200.jpg 1200w, https:\/\/david-guzman.art\/wp-content\/uploads\/2024\/08\/David-Guzman-Theiere-Olas-de-Mar-Model-A-02-scaled.jpg 2560w\" data-sizes=\"auto\" \/><\/a><\/div><\/div><\/div><\/div><div class=\"awb-swiper-button awb-swiper-button-prev\"><i class=\"awb-icon-angle-left\" aria-hidden=\"true\"><\/i><\/div><div class=\"awb-swiper-button awb-swiper-button-next\"><i class=\"awb-icon-angle-right\" aria-hidden=\"true\"><\/i><\/div><\/div><\/div><\/div><\/div><\/div><\/div>\n","protected":false},"excerpt":{"rendered":"<p>Teekanne aus Steinzeug aus der Kollektion &#8220;Olas de Mar&#8221;. Sinusf\u00f6rmige Pinseldekoration aus grau-blauen Engoben. Innen nicht glasiert.<\/p>\n<p><strong>Kleine Teekanne <br \/>\n<\/strong>H\u00f6he: 100 mm.<br \/>\nBreite: 125 mm.<br \/>\nGewicht: 310 g.<br \/>\nInhalt: 580 ml.<\/p>\n","protected":false},"featured_media":2743,"comment_status":"open","ping_status":"closed","template":"","meta":{"_acf_changed":false},"collection-obj":[28],"product_brand":[],"product_cat":[60],"product_tag":[],"class_list":{"0":"post-3605","1":"product","2":"type-product","3":"status-publish","4":"has-post-thumbnail","6":"collection-obj-olas-del-mar","7":"product_cat-teekannen","9":"first","10":"onbackorder","11":"featured","12":"shipping-taxable","13":"purchasable","14":"product-type-simple"},"acf":[],"_links":{"self":[{"href":"https:\/\/david-guzman.art\/de\/wp-json\/wp\/v2\/product\/3605","targetHints":{"allow":["GET"]}}],"collection":[{"href":"https:\/\/david-guzman.art\/de\/wp-json\/wp\/v2\/product"}],"about":[{"href":"https:\/\/david-guzman.art\/de\/wp-json\/wp\/v2\/types\/product"}],"replies":[{"embeddable":true,"href":"https:\/\/david-guzman.art\/de\/wp-json\/wp\/v2\/comments?post=3605"}],"wp:featuredmedia":[{"embeddable":true,"href":"https:\/\/david-guzman.art\/de\/wp-json\/wp\/v2\/media\/2743"}],"wp:attachment":[{"href":"https:\/\/david-guzman.art\/de\/wp-json\/wp\/v2\/media?parent=3605"}],"wp:term":[{"taxonomy":"collection-obj","embeddable":true,"href":"https:\/\/david-guzman.art\/de\/wp-json\/wp\/v2\/collection-obj?post=3605"},{"taxonomy":"product_brand","embeddable":true,"href":"https:\/\/david-guzman.art\/de\/wp-json\/wp\/v2\/product_brand?post=3605"},{"taxonomy":"product_cat","embeddable":true,"href":"https:\/\/david-guzman.art\/de\/wp-json\/wp\/v2\/product_cat?post=3605"},{"taxonomy":"product_tag","embeddable":true,"href":"https:\/\/david-guzman.art\/de\/wp-json\/wp\/v2\/product_tag?post=3605"}],"curies":[{"name":"wp","href":"https:\/\/api.w.org\/{rel}","templated":true}]}}