{"id":3295,"date":"2024-09-09T17:30:10","date_gmt":"2024-09-09T15:30:10","guid":{"rendered":"https:\/\/david-guzman.art\/?post_type=product&#038;p=3295"},"modified":"2024-10-03T18:45:22","modified_gmt":"2024-10-03T16:45:22","slug":"normannischer-bierkrug-modell-a","status":"publish","type":"product","link":"https:\/\/david-guzman.art\/de\/boutique\/normannischer-bierkrug-modell-a\/","title":{"rendered":"Normannischer Bierkrug &#8211; Modell A"},"content":{"rendered":"<div class=\"fusion-fullwidth fullwidth-box fusion-builder-row-1 fusion-flex-container has-pattern-background has-mask-background nonhundred-percent-fullwidth non-hundred-percent-height-scrolling\" style=\"--awb-border-radius-top-left:0px;--awb-border-radius-top-right:0px;--awb-border-radius-bottom-right:0px;--awb-border-radius-bottom-left:0px;--awb-padding-right:0%;--awb-padding-left:0%;--awb-flex-wrap:wrap;\" ><div class=\"fusion-builder-row fusion-row fusion-flex-align-items-flex-start fusion-flex-content-wrap\" style=\"max-width:1248px;margin-left: calc(-4% \/ 2 );margin-right: calc(-4% \/ 2 );\"><div class=\"fusion-layout-column fusion_builder_column fusion-builder-column-0 fusion_builder_column_1_1 1_1 fusion-flex-column\" style=\"--awb-bg-size:cover;--awb-width-large:100%;--awb-margin-top-large:0px;--awb-spacing-right-large:1.92%;--awb-margin-bottom-large:20px;--awb-spacing-left-large:1.92%;--awb-width-medium:100%;--awb-order-medium:0;--awb-spacing-right-medium:1.92%;--awb-spacing-left-medium:1.92%;--awb-width-small:100%;--awb-order-small:0;--awb-spacing-right-small:1.92%;--awb-spacing-left-small:1.92%;\"><div class=\"fusion-column-wrapper fusion-column-has-shadow fusion-flex-justify-content-flex-start fusion-content-layout-column\"><div class=\"fusion-text fusion-text-1\"><p style=\"text-align: justify;\">Dieser <strong>Becher &#8220;Normand&#8221;<\/strong> ist ein wahres Kunstwerk aus Keramik, perfekt f\u00fcr Liebhaber von einzigartigen und authentischen St\u00fccken. Das strukturierte Design mit einem keltischen Knotenmuster um den Boden herum erinnert an die Traditionen und die Geschichte der Normandie. Die wei\u00dfe Oberfl\u00e4che mit braunen Akzenten verleiht einen rustikalen und warmen Touch und erinnert an die Landschaft und das Handwerk dieser Region.<\/p>\n<p style=\"text-align: justify;\">Jeder Schluck Ihres Lieblingsgetr\u00e4nks ist eine Einladung zum Reisen und zum Entdecken des Reichtums der Normandie. Ein ideales Sammlerst\u00fcck f\u00fcr alle, die <strong>handwerkliche<\/strong> und <strong>kulturelle<\/strong> <strong>Produkte<\/strong> zu sch\u00e4tzen wissen.<\/p>\n<\/div><div class=\"fusion-image-carousel fusion-image-carousel-auto fusion-image-carousel-1 lightbox-enabled fusion-carousel-border\"><div class=\"awb-carousel awb-swiper awb-swiper-carousel\" data-autoplay=\"no\" data-columns=\"5\" data-itemmargin=\"13\" data-itemwidth=\"180\" data-touchscroll=\"no\" data-imagesize=\"auto\"><div class=\"swiper-wrapper awb-image-carousel-wrapper fusion-flex-align-items-center\"><div class=\"swiper-slide\"><div class=\"fusion-carousel-item-wrapper\"><div class=\"fusion-image-wrapper hover-type-liftup\"><a data-rel=\"iLightbox[image_carousel_1]\" data-title=\"David Guzman &#8211; Mug Normand &#8211; Model A &#8211; 02\" aria-label=\"David Guzman &#8211; Mug Normand &#8211; Model A &#8211; 02\" href=\"https:\/\/david-guzman.art\/wp-content\/uploads\/2024\/09\/David-Guzman-Mug-Normand-Model-A-02-scaled.jpg\" target=\"_self\"><img decoding=\"async\" width=\"2560\" height=\"2560\" src=\"https:\/\/david-guzman.art\/wp-content\/uploads\/2024\/09\/David-Guzman-Mug-Normand-Model-A-02-scaled.jpg\" class=\"attachment-full size-full lazyload\" alt=\"\" srcset=\"data:image\/svg+xml,%3Csvg%20xmlns%3D%27http%3A%2F%2Fwww.w3.org%2F2000%2Fsvg%27%20width%3D%272560%27%20height%3D%272560%27%20viewBox%3D%270%200%202560%202560%27%3E%3Crect%20width%3D%272560%27%20height%3D%272560%27%20fill-opacity%3D%220%22%2F%3E%3C%2Fsvg%3E\" data-orig-src=\"https:\/\/david-guzman.art\/wp-content\/uploads\/2024\/09\/David-Guzman-Mug-Normand-Model-A-02-scaled.jpg\" data-srcset=\"https:\/\/david-guzman.art\/wp-content\/uploads\/2024\/09\/David-Guzman-Mug-Normand-Model-A-02-200x200.jpg 200w, https:\/\/david-guzman.art\/wp-content\/uploads\/2024\/09\/David-Guzman-Mug-Normand-Model-A-02-400x400.jpg 400w, https:\/\/david-guzman.art\/wp-content\/uploads\/2024\/09\/David-Guzman-Mug-Normand-Model-A-02-600x600.jpg 600w, https:\/\/david-guzman.art\/wp-content\/uploads\/2024\/09\/David-Guzman-Mug-Normand-Model-A-02-800x800.jpg 800w, https:\/\/david-guzman.art\/wp-content\/uploads\/2024\/09\/David-Guzman-Mug-Normand-Model-A-02-1200x1200.jpg 1200w, https:\/\/david-guzman.art\/wp-content\/uploads\/2024\/09\/David-Guzman-Mug-Normand-Model-A-02-scaled.jpg 2560w\" data-sizes=\"auto\" \/><\/a><\/div><\/div><\/div><div class=\"swiper-slide\"><div class=\"fusion-carousel-item-wrapper\"><div class=\"fusion-image-wrapper hover-type-liftup\"><a data-rel=\"iLightbox[image_carousel_1]\" data-title=\"David Guzman &#8211; Mug Normand &#8211; Model A &#8211; 01\" aria-label=\"David Guzman &#8211; Mug Normand &#8211; Model A &#8211; 01\" href=\"https:\/\/david-guzman.art\/wp-content\/uploads\/2024\/09\/David-Guzman-Mug-Normand-Model-A-01-scaled.jpg\" target=\"_self\"><img decoding=\"async\" width=\"2560\" height=\"2560\" src=\"https:\/\/david-guzman.art\/wp-content\/uploads\/2024\/09\/David-Guzman-Mug-Normand-Model-A-01-scaled.jpg\" class=\"attachment-full size-full lazyload\" alt=\"\" srcset=\"data:image\/svg+xml,%3Csvg%20xmlns%3D%27http%3A%2F%2Fwww.w3.org%2F2000%2Fsvg%27%20width%3D%272560%27%20height%3D%272560%27%20viewBox%3D%270%200%202560%202560%27%3E%3Crect%20width%3D%272560%27%20height%3D%272560%27%20fill-opacity%3D%220%22%2F%3E%3C%2Fsvg%3E\" data-orig-src=\"https:\/\/david-guzman.art\/wp-content\/uploads\/2024\/09\/David-Guzman-Mug-Normand-Model-A-01-scaled.jpg\" data-srcset=\"https:\/\/david-guzman.art\/wp-content\/uploads\/2024\/09\/David-Guzman-Mug-Normand-Model-A-01-200x200.jpg 200w, https:\/\/david-guzman.art\/wp-content\/uploads\/2024\/09\/David-Guzman-Mug-Normand-Model-A-01-400x400.jpg 400w, https:\/\/david-guzman.art\/wp-content\/uploads\/2024\/09\/David-Guzman-Mug-Normand-Model-A-01-600x600.jpg 600w, https:\/\/david-guzman.art\/wp-content\/uploads\/2024\/09\/David-Guzman-Mug-Normand-Model-A-01-800x800.jpg 800w, https:\/\/david-guzman.art\/wp-content\/uploads\/2024\/09\/David-Guzman-Mug-Normand-Model-A-01-1200x1200.jpg 1200w, https:\/\/david-guzman.art\/wp-content\/uploads\/2024\/09\/David-Guzman-Mug-Normand-Model-A-01-scaled.jpg 2560w\" data-sizes=\"auto\" \/><\/a><\/div><\/div><\/div><\/div><div class=\"awb-swiper-button awb-swiper-button-prev\"><i class=\"awb-icon-angle-left\" aria-hidden=\"true\"><\/i><\/div><div class=\"awb-swiper-button awb-swiper-button-next\"><i class=\"awb-icon-angle-right\" aria-hidden=\"true\"><\/i><\/div><\/div><\/div><\/div><\/div><\/div><\/div>\n","protected":false},"excerpt":{"rendered":"<p>Tasse &#8220;Normand&#8221; aus Steingut mit Flachreliefdekor, Flechtwerk und Einkerbungen. <br \/>\nDie Innenseite ist transparent emailliert, die Au\u00dfenseite unglasiert. Alle Dekorationen sind handgefertigt.<\/p>\n<p>H\u00f6he: 109 mm.<br \/>\nBreite: 97 mm.<br \/>\nGewicht: 420 gr.<br \/>\nInhalt: +\/- 400 ml.<\/p>\n","protected":false},"featured_media":3299,"comment_status":"open","ping_status":"closed","template":"","meta":{"_acf_changed":false},"collection-obj":[109],"product_brand":[],"product_cat":[121],"product_tag":[],"class_list":{"0":"post-3295","1":"product","2":"type-product","3":"status-publish","4":"has-post-thumbnail","6":"collection-obj-normandie","7":"product_cat-bierkruege-de","8":"product_shipping_class-leicht","10":"first","11":"instock","12":"featured","13":"shipping-taxable","14":"purchasable","15":"product-type-simple"},"acf":[],"_links":{"self":[{"href":"https:\/\/david-guzman.art\/de\/wp-json\/wp\/v2\/product\/3295","targetHints":{"allow":["GET"]}}],"collection":[{"href":"https:\/\/david-guzman.art\/de\/wp-json\/wp\/v2\/product"}],"about":[{"href":"https:\/\/david-guzman.art\/de\/wp-json\/wp\/v2\/types\/product"}],"replies":[{"embeddable":true,"href":"https:\/\/david-guzman.art\/de\/wp-json\/wp\/v2\/comments?post=3295"}],"wp:featuredmedia":[{"embeddable":true,"href":"https:\/\/david-guzman.art\/de\/wp-json\/wp\/v2\/media\/3299"}],"wp:attachment":[{"href":"https:\/\/david-guzman.art\/de\/wp-json\/wp\/v2\/media?parent=3295"}],"wp:term":[{"taxonomy":"collection-obj","embeddable":true,"href":"https:\/\/david-guzman.art\/de\/wp-json\/wp\/v2\/collection-obj?post=3295"},{"taxonomy":"product_brand","embeddable":true,"href":"https:\/\/david-guzman.art\/de\/wp-json\/wp\/v2\/product_brand?post=3295"},{"taxonomy":"product_cat","embeddable":true,"href":"https:\/\/david-guzman.art\/de\/wp-json\/wp\/v2\/product_cat?post=3295"},{"taxonomy":"product_tag","embeddable":true,"href":"https:\/\/david-guzman.art\/de\/wp-json\/wp\/v2\/product_tag?post=3295"}],"curies":[{"name":"wp","href":"https:\/\/api.w.org\/{rel}","templated":true}]}}