{"id":2609,"date":"2024-09-07T17:39:31","date_gmt":"2024-09-07T15:39:31","guid":{"rendered":"https:\/\/david-guzman.art\/?post_type=product&#038;p=2609"},"modified":"2024-10-03T18:45:22","modified_gmt":"2024-10-03T16:45:22","slug":"vase-minera","status":"publish","type":"product","link":"https:\/\/david-guzman.art\/de\/boutique\/vase-minera\/","title":{"rendered":"Vase &#8220;Minera&#8221;."},"content":{"rendered":"<div class=\"fusion-fullwidth fullwidth-box fusion-builder-row-1 fusion-flex-container has-pattern-background has-mask-background nonhundred-percent-fullwidth non-hundred-percent-height-scrolling\" style=\"--awb-border-radius-top-left:0px;--awb-border-radius-top-right:0px;--awb-border-radius-bottom-right:0px;--awb-border-radius-bottom-left:0px;--awb-padding-right:0%;--awb-padding-left:0%;--awb-flex-wrap:wrap;\" ><div class=\"fusion-builder-row fusion-row fusion-flex-align-items-flex-start fusion-flex-content-wrap\" style=\"max-width:1248px;margin-left: calc(-4% \/ 2 );margin-right: calc(-4% \/ 2 );\"><div class=\"fusion-layout-column fusion_builder_column fusion-builder-column-0 fusion_builder_column_1_1 1_1 fusion-flex-column\" style=\"--awb-bg-size:cover;--awb-width-large:100%;--awb-margin-top-large:0px;--awb-spacing-right-large:1.92%;--awb-margin-bottom-large:20px;--awb-spacing-left-large:1.92%;--awb-width-medium:100%;--awb-order-medium:0;--awb-spacing-right-medium:1.92%;--awb-spacing-left-medium:1.92%;--awb-width-small:100%;--awb-order-small:0;--awb-spacing-right-small:1.92%;--awb-spacing-left-small:1.92%;\"><div class=\"fusion-column-wrapper fusion-column-has-shadow fusion-flex-justify-content-flex-start fusion-content-layout-column\"><\/div><\/div><div class=\"fusion-layout-column fusion_builder_column fusion-builder-column-1 fusion_builder_column_1_1 1_1 fusion-flex-column\" style=\"--awb-bg-size:cover;--awb-width-large:100%;--awb-margin-top-large:0px;--awb-spacing-right-large:1.92%;--awb-margin-bottom-large:20px;--awb-spacing-left-large:1.92%;--awb-width-medium:100%;--awb-order-medium:0;--awb-spacing-right-medium:1.92%;--awb-spacing-left-medium:1.92%;--awb-width-small:100%;--awb-order-small:0;--awb-spacing-right-small:1.92%;--awb-spacing-left-small:1.92%;\"><div class=\"fusion-column-wrapper fusion-column-has-shadow fusion-flex-justify-content-flex-start fusion-content-layout-column\"><div class=\"fusion-text fusion-text-1\"><p style=\"text-align: justify;\">Entdecken Sie die Vase <strong>&#8220;Minera&#8221;,<\/strong> ein au\u00dfergew\u00f6hnliches St\u00fcck, das von einem talentierten Keramiker hergestellt wurde.<br \/>\nDiese Vase zeichnet sich durch ihre elegante und organische Form aus, die an die nat\u00fcrliche Sch\u00f6nheit von Mineralien erinnert.<br \/>\nIhre einzigartige Verarbeitung mit subtilen Nuancen und zarten Texturen zeugt von der Geschicklichkeit und Leidenschaft ihres Sch\u00f6pfers.  <\/p>\n<p style=\"text-align: justify;\">Jedes Detail dieser Vase, von ihrer anmutigen Silhouette bis hin zu ihrer f\u00fchlbaren Oberfl\u00e4che, macht sie zu einem Kunstwerk f\u00fcr sich.<br \/>\nDie Vase <strong>&#8220;Minera&#8221;<\/strong> eignet sich perfekt, um jedem Interieur einen Hauch von Raffinesse und Eleganz zu verleihen.   <\/p>\n<\/div><div class=\"fusion-image-carousel fusion-image-carousel-auto fusion-image-carousel-1 lightbox-enabled fusion-carousel-border\"><div class=\"awb-carousel awb-swiper awb-swiper-carousel\" data-autoplay=\"no\" data-columns=\"5\" data-itemmargin=\"13\" data-itemwidth=\"180\" data-touchscroll=\"no\" data-imagesize=\"auto\"><div class=\"swiper-wrapper awb-image-carousel-wrapper fusion-flex-align-items-center\"><div class=\"swiper-slide\"><div class=\"fusion-carousel-item-wrapper\"><div class=\"fusion-image-wrapper hover-type-liftup\"><a data-rel=\"iLightbox[image_carousel_1]\" data-caption=\"\" href=\"https:\/\/david-guzman.art\/wp-content\/uploads\/2024\/09\/david-guzman-c-ramique-minera-3_orig.jpg\" target=\"_self\"><\/a><\/div><\/div><\/div><div class=\"swiper-slide\"><div class=\"fusion-carousel-item-wrapper\"><div class=\"fusion-image-wrapper hover-type-liftup\"><a data-rel=\"iLightbox[image_carousel_1]\" data-caption=\"\" href=\"https:\/\/david-guzman.art\/wp-content\/uploads\/2024\/09\/david-guzman-c-ramique-minera-3_orig.jpg\" target=\"_self\"><\/a><\/div><\/div><\/div><div class=\"swiper-slide\"><div class=\"fusion-carousel-item-wrapper\"><div class=\"fusion-image-wrapper hover-type-liftup\"><a data-rel=\"iLightbox[image_carousel_1]\" data-caption=\"\" href=\"https:\/\/david-guzman.art\/wp-content\/uploads\/2024\/09\/david-guzman-c-ramique-minera-3_orig.jpg\" target=\"_self\"><\/a><\/div><\/div><\/div><\/div><div class=\"awb-swiper-button awb-swiper-button-prev\"><i class=\"awb-icon-angle-left\" aria-hidden=\"true\"><\/i><\/div><div class=\"awb-swiper-button awb-swiper-button-next\"><i class=\"awb-icon-angle-right\" aria-hidden=\"true\"><\/i><\/div><\/div><\/div><\/div><\/div><\/div><\/div>\n","protected":false},"excerpt":{"rendered":"<p>Vase &#8221; <strong>Minera&#8221;<\/strong> aus Steingut, gedreht und modelliert.<br \/>\nFarbiges Engobe-Dekor mit Pinsel aufgetragen. <\/p>\n","protected":false},"featured_media":3548,"comment_status":"open","ping_status":"closed","template":"","meta":{"_acf_changed":false},"collection-obj":[75],"product_brand":[],"product_cat":[63,79],"product_tag":[],"class_list":{"0":"post-2609","1":"product","2":"type-product","3":"status-publish","4":"has-post-thumbnail","6":"collection-obj-minera","7":"product_cat-dekorationsobjekte","8":"product_cat-vasen","9":"product_shipping_class-schwer","11":"first","12":"onbackorder","13":"shipping-taxable","14":"purchasable","15":"product-type-simple"},"acf":[],"_links":{"self":[{"href":"https:\/\/david-guzman.art\/de\/wp-json\/wp\/v2\/product\/2609","targetHints":{"allow":["GET"]}}],"collection":[{"href":"https:\/\/david-guzman.art\/de\/wp-json\/wp\/v2\/product"}],"about":[{"href":"https:\/\/david-guzman.art\/de\/wp-json\/wp\/v2\/types\/product"}],"replies":[{"embeddable":true,"href":"https:\/\/david-guzman.art\/de\/wp-json\/wp\/v2\/comments?post=2609"}],"wp:featuredmedia":[{"embeddable":true,"href":"https:\/\/david-guzman.art\/de\/wp-json\/wp\/v2\/media\/3548"}],"wp:attachment":[{"href":"https:\/\/david-guzman.art\/de\/wp-json\/wp\/v2\/media?parent=2609"}],"wp:term":[{"taxonomy":"collection-obj","embeddable":true,"href":"https:\/\/david-guzman.art\/de\/wp-json\/wp\/v2\/collection-obj?post=2609"},{"taxonomy":"product_brand","embeddable":true,"href":"https:\/\/david-guzman.art\/de\/wp-json\/wp\/v2\/product_brand?post=2609"},{"taxonomy":"product_cat","embeddable":true,"href":"https:\/\/david-guzman.art\/de\/wp-json\/wp\/v2\/product_cat?post=2609"},{"taxonomy":"product_tag","embeddable":true,"href":"https:\/\/david-guzman.art\/de\/wp-json\/wp\/v2\/product_tag?post=2609"}],"curies":[{"name":"wp","href":"https:\/\/api.w.org\/{rel}","templated":true}]}}