{"id":1514,"date":"2024-09-03T19:45:04","date_gmt":"2024-09-03T17:45:04","guid":{"rendered":"https:\/\/david-guzman.art\/allgemeine-geschaeftsbedingungen\/"},"modified":"2024-09-15T22:48:07","modified_gmt":"2024-09-15T20:48:07","slug":"allgemeine-geschaeftsbedingungen","status":"publish","type":"page","link":"https:\/\/david-guzman.art\/de\/allgemeine-geschaeftsbedingungen\/","title":{"rendered":"Allgemeine Gesch\u00e4ftsbedingungen"},"content":{"rendered":"<div class=\"fusion-fullwidth fullwidth-box fusion-builder-row-1 fusion-flex-container has-pattern-background has-mask-background nonhundred-percent-fullwidth non-hundred-percent-height-scrolling\" style=\"--awb-border-radius-top-left:0px;--awb-border-radius-top-right:0px;--awb-border-radius-bottom-right:0px;--awb-border-radius-bottom-left:0px;--awb-padding-right:10%;--awb-padding-left:10%;--awb-flex-wrap:wrap;\" ><div class=\"fusion-builder-row fusion-row fusion-flex-align-items-flex-start fusion-flex-content-wrap\" style=\"max-width:1248px;margin-left: calc(-4% \/ 2 );margin-right: calc(-4% \/ 2 );\"><div class=\"fusion-layout-column fusion_builder_column fusion-builder-column-0 fusion_builder_column_1_1 1_1 fusion-flex-column\" style=\"--awb-bg-size:cover;--awb-width-large:100%;--awb-margin-top-large:0px;--awb-spacing-right-large:1.92%;--awb-margin-bottom-large:20px;--awb-spacing-left-large:1.92%;--awb-width-medium:100%;--awb-order-medium:0;--awb-spacing-right-medium:1.92%;--awb-spacing-left-medium:1.92%;--awb-width-small:100%;--awb-order-small:0;--awb-spacing-right-small:1.92%;--awb-spacing-left-small:1.92%;\" data-scroll-devices=\"small-visibility,medium-visibility,large-visibility\"><div class=\"fusion-column-wrapper fusion-column-has-shadow fusion-flex-justify-content-flex-start fusion-content-layout-column\"><div style=\"text-align:center;\"><a class=\"fusion-button button-flat button-small button-custom fusion-button-default button-1 fusion-button-default-span fusion-button-default-type fusion-has-button-gradient\" style=\"--button_accent_color:var(--awb-color1);--button_accent_hover_color:var(--awb-color1);--button_border_hover_color:var(--awb-color1);--button_gradient_top_color:var(--awb-color8);--button_gradient_bottom_color:var(--awb-color8);--button_gradient_top_color_hover:hsla(var(--awb-color6-h),calc(var(--awb-color6-s) - 5%),calc(var(--awb-color6-l) - 10%),var(--awb-color6-a));--button_gradient_bottom_color_hover:hsla(var(--awb-color7-h),calc(var(--awb-color7-s) - 5%),calc(var(--awb-color7-l) - 10%),var(--awb-color7-a));\" target=\"_blank\" rel=\"noopener noreferrer\" href=\"https:\/\/david-guzman.art\/de\/allgemeine-geschaeftsbedingungen\/?cgvfull=1\"><span class=\"fusion-button-text\">Lesen im Vollbildmodus<\/span><i class=\"fa-expand fas button-icon-right\" aria-hidden=\"true\"><\/i><\/a><\/div><\/div><\/div><div class=\"fusion-layout-column fusion_builder_column fusion-builder-column-1 fusion_builder_column_1_1 1_1 fusion-flex-column\" style=\"--awb-bg-size:cover;--awb-width-large:100%;--awb-margin-top-large:0px;--awb-spacing-right-large:1.92%;--awb-margin-bottom-large:0px;--awb-spacing-left-large:1.92%;--awb-width-medium:100%;--awb-spacing-right-medium:1.92%;--awb-spacing-left-medium:1.92%;--awb-width-small:100%;--awb-spacing-right-small:1.92%;--awb-spacing-left-small:1.92%;\"><div class=\"fusion-column-wrapper fusion-flex-justify-content-flex-start fusion-content-layout-column\"><div class=\"fusion-title title fusion-title-1 fusion-no-small-visibility fusion-sep-none fusion-title-center fusion-title-text fusion-title-size-one\" style=\"--awb-margin-bottom:0px;--awb-font-size:30px;\"><h1 class=\"fusion-title-heading title-heading-center\" style=\"margin:0;font-size:1em;\">Allgemeine Verkaufsbedingungen<\/h1><\/div><div class=\"fusion-title title fusion-title-2 fusion-no-medium-visibility fusion-no-large-visibility fusion-sep-none fusion-title-center fusion-title-text fusion-title-size-one\" style=\"--awb-margin-bottom:0px;--awb-font-size:24px;\"><h1 class=\"fusion-title-heading title-heading-center\" style=\"margin:0;font-size:1em;\">Allgemeine Verkaufsbedingungen<\/h1><\/div><div class=\"fusion-title title fusion-title-3 fusion-sep-none fusion-title-center fusion-title-text fusion-title-size-six\" style=\"--awb-margin-bottom:40px;--awb-font-size:16px;\"><h6 class=\"fusion-title-heading title-heading-center\" style=\"margin:0;font-size:1em;\">Letzte Aktualisierung: 13. September 2024<\/h6><\/div><div class=\"fusion-text fusion-text-1\"><p>&#13;<\/p>\n<p style=\"text-align: justify;\">Die vorliegenden Allgemeinen Gesch\u00e4ftsbedingungen (AGB) gelten f\u00fcr alle Verk\u00e4ufe, die \u00fcber die Website DAVID GUZMAN CERAMISTE (https:\/\/david-guzman.art) abgeschlossen werden, die Eigentum von DAVID GUZMAN, registriert unter der SIRET-Nummer 44024204800039, mit Sitz in 8 RUE SCHAEFFER 14800 TOUQUES, ist.<\/p>\n<p>&#13;<\/p>\n<h4>1. Objet<\/h4>\n<p>&#13;<\/p>\n<p style=\"text-align: justify;\">Die vorliegenden AGB legen die Rechte und Pflichten der Parteien im Rahmen des Online-Verkaufs von Kunstwerken und verwandten Produkten fest, die auf der Website DAVID GUZMAN CERAMISTE (https:\/\/david-guzman.art) angeboten werden.<\/p>\n<p>&#13;<\/p>\n<h4>2. Produits<\/h4>\n<p>&#13;<\/p>\n<p style=\"text-align: justify;\">Die zum Verkauf angebotenen Produkte sind die auf der Website am Tag der Konsultation beschriebenen Produkte.\nDie Fotografien und Beschreibungen der Produkte sind nicht vertraglich bindend und k\u00f6nnen aufgrund der Farbwiedergabe oder der Gr\u00f6\u00dfe der Werke leicht variieren. <\/p>\n<p>&#13;<\/p>\n<h4>3. Prix<\/h4>\n<p>&#13;<\/p>\n<p style=\"text-align: justify;\">Die Preise der Produkte sind in Euro (\u20ac) angegeben, inklusive aller Steuern (TTC).\nDie Lieferkosten werden zus\u00e4tzlich zum Produktpreis berechnet und vor der Best\u00e4tigung der Bestellung angezeigt.   <\/p>\n<p>&#13;<\/p>\n<h4>4. Commande<\/h4>\n<p>&#13;<\/p>\n<p style=\"text-align: justify;\">Jede Bestellung, die auf der Website aufgegeben wird, ist f\u00fcr den Kunden ab der Best\u00e4tigung der Zahlung verbindlich.\nDer Kunde erh\u00e4lt eine Best\u00e4tigungs-E-Mail, in der die Bestellung und die Lieferbedingungen zusammengefasst sind. <\/p>\n<p>&#13;<\/p>\n<h4>5. Paiement<\/h4>\n<p>&#13;<\/p>\n<p style=\"text-align: justify;\">Die Zahlung ist sofort bei der Bestellung f\u00e4llig.\nDer Kunde kann die Zahlung per Kreditkarte oder jedem anderen auf der Website angebotenen Zahlungsmittel vornehmen. <\/p>\n<p>&#13;<\/p>\n<h4>6. Livraison<\/h4>\n<p>&#13;<\/p>\n<p style=\"text-align: justify;\">Die Produkte werden an die bei der Bestellung angegebene Adresse geliefert.\nDie Lieferzeit kann je nach Bestimmungsort variieren und wird bei der Bestellung angegeben.\nIm Falle einer Lieferverz\u00f6gerung wird der Kunde dar\u00fcber informiert.  <\/p>\n<p>&#13;<\/p>\n<h4>7. Droit de r\u00e9tractation<\/h4>\n<p>&#13;<\/p>\n<p style=\"text-align: justify;\">Gem\u00e4\u00df der geltenden Gesetzgebung kann der Kunde innerhalb von 14 Tagen nach Erhalt der Produkte ohne Angabe von Gr\u00fcnden von seinem Widerrufsrecht Gebrauch machen.\nDer Kunde muss die Produkte in ihrem Originalzustand und in einwandfreiem Zustand zur\u00fccksenden.\nDie Kosten f\u00fcr die R\u00fccksendung tr\u00e4gt der Kunde.\nDie R\u00fcckerstattung erfolgt innerhalb von 30 Tagen nach Erhalt der zur\u00fcckgesandten Produkte.   <\/p>\n<p>&#13;<\/p>\n<h4>8. Responsabilit\u00e9<\/h4>\n<p>&#13;<\/p>\n<p style=\"text-align: justify;\">Der Verk\u00e4ufer kann nicht f\u00fcr Sch\u00e4den haftbar gemacht werden, die aus einer falschen Verwendung der gekauften Produkte oder aus Fahrl\u00e4ssigkeit seitens des Kunden entstehen.<\/p>\n<p>&#13;<\/p>\n<h4>9. Garantie<\/h4>\n<p>&#13;<\/p>\n<p style=\"text-align: justify;\">Die auf der Website verkauften Kunstwerke und abgeleiteten Produkte unterliegen der gesetzlichen Konformit\u00e4tsgarantie gem\u00e4\u00df dem Verbrauchergesetzbuch und der Garantie gegen versteckte M\u00e4ngel gem\u00e4\u00df dem Zivilgesetzbuch.<\/p>\n<p>&#13;<\/p>\n<h4>10. Donn\u00e9es personnelles<\/h4>\n<p>&#13;<\/p>\n<p style=\"text-align: justify;\">Der Verk\u00e4ufer verpflichtet sich, die pers\u00f6nlichen Daten der Kunden in \u00dcbereinstimmung mit den geltenden Vorschriften zu sch\u00fctzen.\nDie gesammelten Daten werden ausschlie\u00dflich f\u00fcr die Bearbeitung von Bestellungen und die Kommunikation mit den Kunden verwendet.\nDer Kunde hat das Recht, auf die ihn betreffenden Daten zuzugreifen, sie zu berichtigen und zu l\u00f6schen.  <\/p>\n<p>&#13;<\/p>\n<h4>11. Propri\u00e9t\u00e9 intellectuelle<\/h4>\n<p>&#13;<\/p>\n<p style=\"text-align: justify;\">Alle Kunstwerke, Bilder, Texte und andere Inhalte auf dieser Website sind urheberrechtlich gesch\u00fctzt und d\u00fcrfen ohne die Genehmigung des Urhebers nicht vervielf\u00e4ltigt oder verwendet werden.<\/p>\n<p>&#13;<\/p>\n<h4>12. Droit applicable et juridiction comp\u00e9tente<\/h4>\n<p>&#13;<\/p>\n<p style=\"text-align: justify;\">Die vorliegenden AGB unterliegen dem franz\u00f6sischen Recht.\nIm Falle eines Rechtsstreits werden sich die Parteien bem\u00fchen, eine g\u00fctliche Einigung zu erzielen.\nAndernfalls sind die Gerichte in Deauville zust\u00e4ndig.  <\/p>\n<p>&#13;<\/p>\n<h4>13. Modifications des CGV<\/h4>\n<p>&#13;<\/p>\n<p style=\"text-align: justify;\">Der Verk\u00e4ufer beh\u00e4lt sich das Recht vor, die vorliegenden Allgemeinen Gesch\u00e4ftsbedingungen jederzeit zu \u00e4ndern.\nDie \u00c4nderungen werden mit ihrer Ver\u00f6ffentlichung auf der Website wirksam. <\/p>\n<p>&#13;<\/p>\n<\/div><div class=\"fusion-separator fusion-full-width-sep\" style=\"align-self: center;margin-left: auto;margin-right: auto;width:100%;\"><div class=\"fusion-separator-border sep-single sep-solid\" style=\"--awb-height:20px;--awb-amount:20px;--awb-sep-color:#a3a3a3;border-color:#a3a3a3;border-top-width:1px;\"><\/div><\/div><div class=\"fusion-text fusion-text-2\"><p>&#13;<\/p>\n<h4>Contact<\/h4>\n<p>&#13;<\/p>\n<p style=\"text-align: justify;\">Bei Fragen zu diesen Allgemeinen Gesch\u00e4ftsbedingungen k\u00f6nnen Sie uns unter der folgenden Adresse kontaktieren: https: <a href=\"https:\/\/david-guzman.art\/de\/kontakt\/\">\/\/david-guzman.art\/contact<\/a><\/p>\n<p>&#13;<\/p>\n<\/div><\/div><\/div><\/div><\/div>","protected":false},"excerpt":{"rendered":"","protected":false},"author":1,"featured_media":0,"parent":0,"menu_order":67,"comment_status":"closed","ping_status":"closed","template":"","meta":{"_acf_changed":false,"footnotes":""},"class_list":["post-1514","page","type-page","status-publish","hentry"],"acf":[],"_links":{"self":[{"href":"https:\/\/david-guzman.art\/de\/wp-json\/wp\/v2\/pages\/1514","targetHints":{"allow":["GET"]}}],"collection":[{"href":"https:\/\/david-guzman.art\/de\/wp-json\/wp\/v2\/pages"}],"about":[{"href":"https:\/\/david-guzman.art\/de\/wp-json\/wp\/v2\/types\/page"}],"author":[{"embeddable":true,"href":"https:\/\/david-guzman.art\/de\/wp-json\/wp\/v2\/users\/1"}],"replies":[{"embeddable":true,"href":"https:\/\/david-guzman.art\/de\/wp-json\/wp\/v2\/comments?post=1514"}],"version-history":[{"count":8,"href":"https:\/\/david-guzman.art\/de\/wp-json\/wp\/v2\/pages\/1514\/revisions"}],"predecessor-version":[{"id":4809,"href":"https:\/\/david-guzman.art\/de\/wp-json\/wp\/v2\/pages\/1514\/revisions\/4809"}],"wp:attachment":[{"href":"https:\/\/david-guzman.art\/de\/wp-json\/wp\/v2\/media?parent=1514"}],"curies":[{"name":"wp","href":"https:\/\/api.w.org\/{rel}","templated":true}]}}