{"id":1510,"date":"2024-08-18T17:29:03","date_gmt":"2024-08-18T15:29:03","guid":{"rendered":"https:\/\/david-guzman.art\/datenschutzrichtlinie\/"},"modified":"2024-09-13T19:18:22","modified_gmt":"2024-09-13T17:18:22","slug":"datenschutzrichtlinie","status":"publish","type":"page","link":"https:\/\/david-guzman.art\/de\/datenschutzrichtlinie\/","title":{"rendered":"Datenschutzrichtlinie"},"content":{"rendered":"<div class=\"fusion-fullwidth fullwidth-box fusion-builder-row-1 fusion-flex-container has-pattern-background has-mask-background nonhundred-percent-fullwidth non-hundred-percent-height-scrolling\" style=\"--awb-border-radius-top-left:0px;--awb-border-radius-top-right:0px;--awb-border-radius-bottom-right:0px;--awb-border-radius-bottom-left:0px;--awb-padding-right:10%;--awb-padding-left:10%;--awb-flex-wrap:wrap;\" ><div class=\"fusion-builder-row fusion-row fusion-flex-align-items-flex-start fusion-flex-content-wrap\" style=\"max-width:1248px;margin-left: calc(-4% \/ 2 );margin-right: calc(-4% \/ 2 );\"><div class=\"fusion-layout-column fusion_builder_column fusion-builder-column-0 fusion_builder_column_1_1 1_1 fusion-flex-column\" style=\"--awb-bg-size:cover;--awb-width-large:100%;--awb-margin-top-large:0px;--awb-spacing-right-large:1.92%;--awb-margin-bottom-large:0px;--awb-spacing-left-large:1.92%;--awb-width-medium:100%;--awb-spacing-right-medium:1.92%;--awb-spacing-left-medium:1.92%;--awb-width-small:100%;--awb-spacing-right-small:1.92%;--awb-spacing-left-small:1.92%;\"><div class=\"fusion-column-wrapper fusion-flex-justify-content-flex-start fusion-content-layout-column\"><div class=\"fusion-title title fusion-title-1 fusion-sep-none fusion-title-center fusion-title-text fusion-title-size-one\" style=\"--awb-margin-bottom:0px;--awb-font-size:30px;\"><h1 class=\"fusion-title-heading title-heading-center\" style=\"margin:0;font-size:1em;\">Datenschutzrichtlinie<\/h1><\/div><div class=\"fusion-title title fusion-title-2 fusion-sep-none fusion-title-center fusion-title-text fusion-title-size-six\" style=\"--awb-margin-bottom:40px;--awb-font-size:16px;\"><h6 class=\"fusion-title-heading title-heading-center\" style=\"margin:0;font-size:1em;\">Letzte Aktualisierung: 13. September 2024<\/h6><\/div><div class=\"fusion-text fusion-text-1\"><p style=\"text-align: justify;\">Diese Datenschutzrichtlinie beschreibt, wie DAVID GUZMAN CERAMISTE (im Folgenden &#8220;wir&#8221;, &#8220;uns&#8221;, &#8220;unser&#8221;) die pers\u00f6nlichen Informationen der Nutzer (im Folgenden &#8220;Sie&#8221;, &#8220;Ihre&#8221;) der DAVID GUZMAN CERAMISTE Website (https:\/\/david-guzman.art) sammelt, nutzt und sch\u00fctzt.<\/p>\n<h4>1. Sammlung von pers\u00f6nlichen Informationen<\/h4>\n<p style=\"text-align: justify;\">Wir sammeln verschiedene Arten von pers\u00f6nlichen Informationen, wenn Sie mit unserer Website interagieren, insbesondere wenn Sie :<\/p>\n<ul>\n<li>Surfen Sie auf unserer Website ;<\/li>\n<li>Erstellen Sie ein Konto oder t\u00e4tigen Sie einen Kauf;<\/li>\n<li>Abonnieren Sie unseren Newsletter ;<\/li>\n<li>Kontaktieren Sie uns \u00fcber unsere Formulare oder per E-Mail.<\/li>\n<\/ul>\n<p>Die gesammelten Informationen k\u00f6nnen Folgendes umfassen:<\/p>\n<ul>\n<li>Ihren Namen, Vornamen, Ihre E-Mail-Adresse, Postanschrift und Telefonnummer;<\/li>\n<li>Zahlungsdetails (bei Transaktionen auf der Website) ;<\/li>\n<li>Navigationsinformationen wie IP-Adressen, Cookies und Daten \u00fcber die Nutzung der Website.<\/li>\n<\/ul>\n<h4>2. Nutzung der Informationen<\/h4>\n<p>Die gesammelten Informationen werden f\u00fcr die folgenden Zwecke verwendet:<\/p>\n<ul>\n<li>Auftragsverarbeitung: Zur Ausf\u00fchrung und Verwaltung von Auftr\u00e4gen, die \u00fcber unsere Website erteilt wurden.<\/li>\n<li>Verbesserung der Website: Um die Benutzererfahrung zu verbessern und unsere Dienstleistungen an Ihre Bed\u00fcrfnisse anzupassen.<\/li>\n<li>Kommunikation: Um Ihnen E-Mails in Bezug auf Ihre Bestellungen zu senden oder, falls Sie dem zugestimmt haben, um Ihnen Newsletter oder Werbeangebote zu senden.<\/li>\n<li>Einhaltung von Gesetzen: Um unsere gesetzlichen und regulatorischen Verpflichtungen zu erf\u00fcllen.<\/li>\n<\/ul>\n<h4>3. Austausch von Informationen<\/h4>\n<p>Wir geben Ihre pers\u00f6nlichen Daten nur in den folgenden F\u00e4llen an Dritte weiter:<\/p>\n<ul>\n<li>Dienstleister: Um die Lieferung von Bestellungen und Zahlungen zu erleichtern oder um das Hosting der Website zu verwalten, k\u00f6nnen wir Ihre Daten an vertrauensw\u00fcrdige Partner weitergeben, immer im Rahmen ihrer Aufgaben.<\/li>\n<li>Gesetzliche Anforderungen: Wir k\u00f6nnen Ihre Informationen offenlegen, wenn dies gesetzlich vorgeschrieben ist oder um rechtm\u00e4\u00dfigen Anfragen von Beh\u00f6rden nachzukommen.<\/li>\n<\/ul>\n<h4>4. Cookies<\/h4>\n<p style=\"text-align: justify;\">Wir verwenden Cookies, um Informationen dar\u00fcber zu sammeln, wie Sie unsere Website nutzen, und um Ihre Erfahrung zu verbessern.<br \/>\nCookies sind kleine Dateien, die auf Ihrem Computer oder mobilen Ger\u00e4t gespeichert werden.<br \/>\nSie k\u00f6nnen Ihren Browser so einstellen, dass er Cookies ablehnt oder Sie benachrichtigt, wenn sie verwendet werden.<br \/>\nEinige Funktionen der Website k\u00f6nnen jedoch beeintr\u00e4chtigt werden, wenn Sie Cookies deaktivieren.   <\/p>\n<h4>5. Datensicherheit<\/h4>\n<p style=\"text-align: justify;\">Wir verpflichten uns, Ihre pers\u00f6nlichen Daten vor unbefugtem Zugriff, \u00c4nderung oder Zerst\u00f6rung zu sch\u00fctzen.<br \/>\nWir verwenden technische und organisatorische Sicherheitsma\u00dfnahmen wie Datenverschl\u00fcsselung und Firewalls, um Ihre Daten zu sch\u00fctzen. <\/p>\n<h4>6. Dauer der Speicherung der Daten<\/h4>\n<p>Ihre pers\u00f6nlichen Daten werden nur so lange aufbewahrt, wie es f\u00fcr die Zwecke, f\u00fcr die sie gesammelt wurden, erforderlich ist und um unseren gesetzlichen Verpflichtungen nachzukommen.<br \/>\nIm Allgemeinen : <\/p>\n<ul>\n<li>Ihre Bestelldaten werden 5 Jahre lang aufbewahrt.<\/li>\n<li>Die Marketinginformationen werden so lange gespeichert, bis Sie sich von unserem Newsletter abmelden.<\/li>\n<\/ul>\n<h4>7. Ihre Rechte<\/h4>\n<p>Gem\u00e4\u00df der DSGVO haben Sie die folgenden Rechte in Bezug auf Ihre pers\u00f6nlichen Daten:<\/p>\n<ul>\n<li>Recht auf Zugang: Sie k\u00f6nnen Zugang zu den personenbezogenen Daten verlangen, die wir \u00fcber Sie gespeichert haben.<\/li>\n<li>Recht auf Berichtigung: Sie k\u00f6nnen verlangen, dass Ihre pers\u00f6nlichen Daten korrigiert oder aktualisiert werden, wenn sie unrichtig sind.<\/li>\n<li>Recht auf L\u00f6schung: Sie k\u00f6nnen die L\u00f6schung Ihrer pers\u00f6nlichen Daten verlangen, es sei denn, wir m\u00fcssen sie aus rechtlichen Gr\u00fcnden aufbewahren.<\/li>\n<li>Widerspruchsrecht: Sie k\u00f6nnen gegen die Verwendung Ihrer Daten zu Marketingzwecken Widerspruch einlegen.<\/li>\n<li>Recht auf \u00dcbertragbarkeit: Sie haben das Recht, die personenbezogenen Daten, die Sie uns zur Verf\u00fcgung gestellt haben, in einem strukturierten und maschinenlesbaren Format zu erhalten.<\/li>\n<\/ul>\n<p>Um diese Rechte auszu\u00fcben, kontaktieren Sie uns bitte per E-Mail an diese Adresse: https: <a href=\"https:\/\/david-guzman.art\/de\/kontakt\/\">\/\/david-guzman.art\/contact<\/a><\/p>\n<h4>8. \u00c4nderungen der Datenschutzpolitik<\/h4>\n<p style=\"text-align: justify;\">Wir behalten uns das Recht vor, diese Datenschutzrichtlinie jederzeit zu \u00e4ndern.<br \/>\nAlle \u00c4nderungen werden auf dieser Seite ver\u00f6ffentlicht und treten sofort in Kraft.<br \/>\nWir empfehlen Ihnen, diese Seite regelm\u00e4\u00dfig zu besuchen, um \u00fcber \u00c4nderungen informiert zu bleiben.  <\/p>\n<h4>9. Kontakt<\/h4>\n<p>Wenn Sie Fragen zu dieser Datenschutzrichtlinie haben, k\u00f6nnen Sie uns unter der folgenden Adresse kontaktieren: https: <a href=\"https:\/\/david-guzman.art\/de\/kontakt\/\">\/\/david-guzman.art\/contact<\/a><\/p>\n<\/div><div class=\"fusion-separator fusion-full-width-sep\" style=\"align-self: center;margin-left: auto;margin-right: auto;width:100%;\"><div class=\"fusion-separator-border sep-single sep-solid\" style=\"--awb-height:20px;--awb-amount:20px;--awb-sep-color:#a3a3a3;border-color:#a3a3a3;border-top-width:1px;\"><\/div><\/div><\/div><\/div><\/div><\/div>\n","protected":false},"excerpt":{"rendered":"","protected":false},"author":1,"featured_media":0,"parent":0,"menu_order":71,"comment_status":"closed","ping_status":"open","template":"","meta":{"_acf_changed":false,"footnotes":""},"class_list":["post-1510","page","type-page","status-publish","hentry"],"acf":[],"_links":{"self":[{"href":"https:\/\/david-guzman.art\/de\/wp-json\/wp\/v2\/pages\/1510","targetHints":{"allow":["GET"]}}],"collection":[{"href":"https:\/\/david-guzman.art\/de\/wp-json\/wp\/v2\/pages"}],"about":[{"href":"https:\/\/david-guzman.art\/de\/wp-json\/wp\/v2\/types\/page"}],"author":[{"embeddable":true,"href":"https:\/\/david-guzman.art\/de\/wp-json\/wp\/v2\/users\/1"}],"replies":[{"embeddable":true,"href":"https:\/\/david-guzman.art\/de\/wp-json\/wp\/v2\/comments?post=1510"}],"version-history":[{"count":15,"href":"https:\/\/david-guzman.art\/de\/wp-json\/wp\/v2\/pages\/1510\/revisions"}],"predecessor-version":[{"id":4474,"href":"https:\/\/david-guzman.art\/de\/wp-json\/wp\/v2\/pages\/1510\/revisions\/4474"}],"wp:attachment":[{"href":"https:\/\/david-guzman.art\/de\/wp-json\/wp\/v2\/media?parent=1510"}],"curies":[{"name":"wp","href":"https:\/\/api.w.org\/{rel}","templated":true}]}}